{"id":3574,"date":"2023-05-31T17:32:44","date_gmt":"2023-05-31T16:32:44","guid":{"rendered":"https:\/\/formelle.uniurb.it\/?page_id=3574"},"modified":"2023-05-31T17:37:46","modified_gmt":"2023-05-31T16:37:46","slug":"3574-2","status":"publish","type":"page","link":"https:\/\/formelle.uniurb.it\/?page_id=3574","title":{"rendered":"Libro de viva pietra"},"content":{"rendered":"\n<p class=\"has-foreground-color has-text-color has-normal-font-size\"><em>Libro de viva pietra. Studi sul fregio della facciata del Palazzo Ducale di Urbino<\/em><\/p>\n\n\n\n<p class=\"has-foreground-color has-text-color\">a cura di Pierluigi Graziani, Davide Pietrini e Laerte Sorini <\/p>\n\n\n\n<p class=\"has-foreground-color has-text-color\">Urbino University Press, 2023<\/p>\n\n\n\n<p class=\"has-foreground-color has-text-color\"><\/p>\n\n\n\n<p class=\"has-foreground-color has-text-color\">Nel Cinquecento il Ducato di Urbino fu il luogo in cui si svilupp\u00f2 la cosiddetta scuola matematica di Federico Commandino, considerata giustamente una delle forme pi\u00f9 rappresentative di umanesimo scientifico, nonch\u00e9 uno dei motori principali della cosiddetta rivoluzione galileiana. Il clima culturale in cui la scuola commandiniana affonda le sue radici \u00e8 individuabile nella grande stagione rinascimentale dei Montefeltro. In quest\u2019epoca, grazie soprattutto al mecenatismo del duca Federico di Montefeltro e al grande cantiere del Palazzo Ducale, l\u2019ambiente urbinate fu uno tra i centri italiani pi\u00f9 dinamici e vitali del Rinascimento. In quegli anni, lungo la spalliera del sedile della facciata del Palazzo Ducale di Urbino vennero realizzate 72 formelle (bassorilievi in pietra) raffiguranti macchine di uso civile e militare. Esse, fortemente volute da Federico di Montefeltro, avevano lo scopo non solo di comunicare il potere \u201ctecnologico\u201d del Ducato, mediante rappresentazioni scultoree, ma anche di agire come strumento di divulgazione scientifica. Il libro raccoglie i seminari che si sono tenuti in occasione del ciclo dal titolo Fregio dell\u2019arte della guerra. La peculiarit\u00e0 di questo libro \u00e8 data dalla multidisciplinariet\u00e0 dei saggi contenuti, la quale permette di collocare le formelle in un ampio quadro culturale consentendo sia di comprendere con occhi nuovi la genesi e il significato delle formelle sia di inserirle nel loro contesto storico di riferimento.<\/p>\n\n\n\n<p class=\"has-foreground-color has-text-color\"><\/p>\n\n\n\n<p class=\"has-foreground-color has-text-color\">La pubblicazione \u00e8 disponibile in open access e acquistabile al seguente sito di Urbino University Press: <\/p>\n\n\n\n<p class=\"has-foreground-color has-text-color\"><\/p>\n\n\n\n<p class=\"has-foreground-color has-text-color\"><a href=\"https:\/\/press.uniurb.it\/index.php\/urbinoelaprospettiva\/catalog\/book\/25\" target=\"_blank\" rel=\"noreferrer noopener\"><strong>https:\/\/press.uniurb.it\/index.php\/urbinoelaprospettiva\/catalog\/book\/25<\/strong><\/a><\/p>\n\n\n\n<p><\/p>\n\n\n\n<div class=\"has-global-padding is-layout-constrained wp-block-group\">\n<div class=\"has-global-padding is-layout-constrained wp-block-group\">\n<figure class=\"is-layout-flex wp-block-gallery-1 wp-block-gallery has-nested-images columns-default is-cropped\">\n<figure class=\"wp-block-image size-large\"><img decoding=\"async\" src=\"https:\/\/formelle.uniurb.it\/wp-content\/uploads\/2023\/02\/pdf-visualizzazione-del-file-VOL_2_LIBRO_DE_VIVA_PIETRA_page-0001-703x1024.jpg\" alt=\"\"\/><\/figure>\n<\/figure>\n<\/div>\n<\/div>\n\n\n\n<div class=\"has-global-padding is-layout-constrained wp-block-group\">\n<figure class=\"wp-block-image size-large is-resized\"><img decoding=\"async\" loading=\"lazy\" src=\"https:\/\/formelle.uniurb.it\/wp-content\/uploads\/2023\/02\/pdf-visualizzazione-del-file-VOL_2_LIBRO_DE_VIVA_PIETRA_page-0004-703x1024.jpg\" alt=\"\" class=\"wp-image-3303\" width=\"497\" height=\"723\" srcset=\"https:\/\/formelle.uniurb.it\/wp-content\/uploads\/2023\/02\/pdf-visualizzazione-del-file-VOL_2_LIBRO_DE_VIVA_PIETRA_page-0004-703x1024.jpg 703w, https:\/\/formelle.uniurb.it\/wp-content\/uploads\/2023\/02\/pdf-visualizzazione-del-file-VOL_2_LIBRO_DE_VIVA_PIETRA_page-0004-206x300.jpg 206w, https:\/\/formelle.uniurb.it\/wp-content\/uploads\/2023\/02\/pdf-visualizzazione-del-file-VOL_2_LIBRO_DE_VIVA_PIETRA_page-0004-768x1118.jpg 768w, https:\/\/formelle.uniurb.it\/wp-content\/uploads\/2023\/02\/pdf-visualizzazione-del-file-VOL_2_LIBRO_DE_VIVA_PIETRA_page-0004.jpg 973w\" sizes=\"(max-width: 497px) 100vw, 497px\" \/><\/figure>\n\n\n\n<div class=\"has-global-padding is-layout-constrained wp-block-group\">\n<div class=\"has-global-padding is-layout-constrained wp-block-group\">\n<figure class=\"wp-block-image size-large\"><img decoding=\"async\" loading=\"lazy\" width=\"703\" height=\"1024\" src=\"https:\/\/formelle.uniurb.it\/wp-content\/uploads\/2023\/02\/pdf-visualizzazione-del-file-VOL_2_LIBRO_DE_VIVA_PIETRA_page-0003-703x1024.jpg\" alt=\"\" class=\"wp-image-3300\" srcset=\"https:\/\/formelle.uniurb.it\/wp-content\/uploads\/2023\/02\/pdf-visualizzazione-del-file-VOL_2_LIBRO_DE_VIVA_PIETRA_page-0003-703x1024.jpg 703w, https:\/\/formelle.uniurb.it\/wp-content\/uploads\/2023\/02\/pdf-visualizzazione-del-file-VOL_2_LIBRO_DE_VIVA_PIETRA_page-0003-206x300.jpg 206w, https:\/\/formelle.uniurb.it\/wp-content\/uploads\/2023\/02\/pdf-visualizzazione-del-file-VOL_2_LIBRO_DE_VIVA_PIETRA_page-0003-768x1118.jpg 768w, https:\/\/formelle.uniurb.it\/wp-content\/uploads\/2023\/02\/pdf-visualizzazione-del-file-VOL_2_LIBRO_DE_VIVA_PIETRA_page-0003.jpg 973w\" sizes=\"(max-width: 703px) 100vw, 703px\" \/><\/figure>\n<\/div>\n<\/div>\n<\/div>\n\n\n\n<div class=\"has-global-padding is-layout-constrained wp-block-group\">\n<figure class=\"wp-block-image size-large\"><img decoding=\"async\" loading=\"lazy\" width=\"703\" height=\"1024\" src=\"https:\/\/formelle.uniurb.it\/wp-content\/uploads\/2023\/02\/pdf-visualizzazione-del-file-VOL_2_LIBRO_DE_VIVA_PIETRA_page-0005-703x1024.jpg\" alt=\"\" class=\"wp-image-3301\" srcset=\"https:\/\/formelle.uniurb.it\/wp-content\/uploads\/2023\/02\/pdf-visualizzazione-del-file-VOL_2_LIBRO_DE_VIVA_PIETRA_page-0005-703x1024.jpg 703w, https:\/\/formelle.uniurb.it\/wp-content\/uploads\/2023\/02\/pdf-visualizzazione-del-file-VOL_2_LIBRO_DE_VIVA_PIETRA_page-0005-206x300.jpg 206w, https:\/\/formelle.uniurb.it\/wp-content\/uploads\/2023\/02\/pdf-visualizzazione-del-file-VOL_2_LIBRO_DE_VIVA_PIETRA_page-0005-768x1118.jpg 768w, https:\/\/formelle.uniurb.it\/wp-content\/uploads\/2023\/02\/pdf-visualizzazione-del-file-VOL_2_LIBRO_DE_VIVA_PIETRA_page-0005.jpg 973w\" sizes=\"(max-width: 703px) 100vw, 703px\" \/><\/figure>\n<\/div>\n\n\n\n<figure class=\"wp-block-image size-large\"><img decoding=\"async\" loading=\"lazy\" width=\"703\" height=\"1024\" src=\"https:\/\/formelle.uniurb.it\/wp-content\/uploads\/2023\/02\/pdf-visualizzazione-del-file-VOL_2_LIBRO_DE_VIVA_PIETRA_page-0008-703x1024.jpg\" alt=\"\" class=\"wp-image-3305\" srcset=\"https:\/\/formelle.uniurb.it\/wp-content\/uploads\/2023\/02\/pdf-visualizzazione-del-file-VOL_2_LIBRO_DE_VIVA_PIETRA_page-0008-703x1024.jpg 703w, https:\/\/formelle.uniurb.it\/wp-content\/uploads\/2023\/02\/pdf-visualizzazione-del-file-VOL_2_LIBRO_DE_VIVA_PIETRA_page-0008-206x300.jpg 206w, https:\/\/formelle.uniurb.it\/wp-content\/uploads\/2023\/02\/pdf-visualizzazione-del-file-VOL_2_LIBRO_DE_VIVA_PIETRA_page-0008-768x1118.jpg 768w, https:\/\/formelle.uniurb.it\/wp-content\/uploads\/2023\/02\/pdf-visualizzazione-del-file-VOL_2_LIBRO_DE_VIVA_PIETRA_page-0008.jpg 973w\" sizes=\"(max-width: 703px) 100vw, 703px\" \/><\/figure>\n","protected":false},"excerpt":{"rendered":"<p>Libro de viva pietra. Studi sul fregio della facciata del Palazzo Ducale di Urbino a cura di Pierluigi Graziani, Davide Pietrini e Laerte Sorini Urbino University Press, 2023 Nel Cinquecento il Ducato di Urbino fu il luogo in cui si svilupp\u00f2 la cosiddetta scuola matematica di Federico Commandino, considerata giustamente una delle forme pi\u00f9 rappresentative [&hellip;]<\/p>\n","protected":false},"author":5,"featured_media":0,"parent":0,"menu_order":0,"comment_status":"closed","ping_status":"closed","template":"","meta":[],"uagb_featured_image_src":{"full":false,"thumbnail":false,"medium":false,"medium_large":false,"large":false,"1536x1536":false,"2048x2048":false},"uagb_author_info":{"display_name":"Davide Pietrini","author_link":"https:\/\/formelle.uniurb.it\/?author=5"},"uagb_comment_info":0,"uagb_excerpt":"Libro de viva pietra. Studi sul fregio della facciata del Palazzo Ducale di Urbino a cura di Pierluigi Graziani, Davide Pietrini e Laerte Sorini Urbino University Press, 2023 Nel Cinquecento il Ducato di Urbino fu il luogo in cui si svilupp\u00f2 la cosiddetta scuola matematica di Federico Commandino, considerata giustamente una delle forme pi\u00f9 rappresentative&hellip;","_links":{"self":[{"href":"https:\/\/formelle.uniurb.it\/index.php?rest_route=\/wp\/v2\/pages\/3574"}],"collection":[{"href":"https:\/\/formelle.uniurb.it\/index.php?rest_route=\/wp\/v2\/pages"}],"about":[{"href":"https:\/\/formelle.uniurb.it\/index.php?rest_route=\/wp\/v2\/types\/page"}],"author":[{"embeddable":true,"href":"https:\/\/formelle.uniurb.it\/index.php?rest_route=\/wp\/v2\/users\/5"}],"replies":[{"embeddable":true,"href":"https:\/\/formelle.uniurb.it\/index.php?rest_route=%2Fwp%2Fv2%2Fcomments&post=3574"}],"version-history":[{"count":5,"href":"https:\/\/formelle.uniurb.it\/index.php?rest_route=\/wp\/v2\/pages\/3574\/revisions"}],"predecessor-version":[{"id":3582,"href":"https:\/\/formelle.uniurb.it\/index.php?rest_route=\/wp\/v2\/pages\/3574\/revisions\/3582"}],"wp:attachment":[{"href":"https:\/\/formelle.uniurb.it\/index.php?rest_route=%2Fwp%2Fv2%2Fmedia&parent=3574"}],"curies":[{"name":"wp","href":"https:\/\/api.w.org\/{rel}","templated":true}]}}