{"id":3535,"date":"2023-05-31T13:53:05","date_gmt":"2023-05-31T12:53:05","guid":{"rendered":"https:\/\/formelle.uniurb.it\/?page_id=3535"},"modified":"2023-10-22T11:39:03","modified_gmt":"2023-10-22T10:39:03","slug":"gli-architetti-e-la-rappresentazione-delle-macchine-nel-rinascimento","status":"publish","type":"page","link":"https:\/\/formelle.uniurb.it\/?page_id=3535","title":{"rendered":"Gli architetti e la rappresentazione delle macchine nel Rinascimento"},"content":{"rendered":"<style id=\"kb-spacer_4511cf-f3\">.wp-block-kadence-spacer.kt-block-spacer-_4511cf-f3 .kt-divider{border-top-color:#297373;width:80%;}<\/style>\n<div class=\"wp-block-kadence-spacer aligncenter kt-block-spacer-_4511cf-f3\"><div class=\"kt-block-spacer kt-block-spacer-halign-center\"><hr class=\"kt-divider\"\/><\/div><\/div>\n\n\n\n<p class=\"has-foreground-color has-text-color\">Nel Quattrocento, quando le guerre imperversavano e le citt\u00e0 crescevano, i principi-guerrieri, ovvero quei principi dediti all&#8217;arte della guerra, diedero un forte impulso allo sviluppo tecnologico delle macchine, chiedendo agli architetti progetti macchinali pi\u00f9 belli e pi\u00f9 utili da utilizzare negli scenari bellici. Le macchine che venivano richieste non erano solo macchine da guerra, ma anche macchine da impiegare nei cantieri civili e per far divertire. Le macchine militari e quelle utilizzate nei cantieri possono essere ricondotte principalmente a sistemi che facevano uso dell&#8217;argano, del verricello, della vite, del piano inclinato e della leva. Queste macchine servivano per sollevare pesi, per trasportare oggetti pesanti o per rendere disponibili le risorse idriche. Invece, le macchine costruite per divertire si presentavo pi\u00f9 sofisticate ed erano spesso dotate di meccanismi che possiamo definire all&#8217;avanguardia: esse erano delle vere e proprie esibizioni di ingegno. In particolare erano apprezzate le macchine che svolgevano movimenti senza l&#8217;intervento di un operatore esterno. Tali macchine, chiamate automi per gli automatismi dei loro meccanismi, erano estremamente apprezzate dai committenti ed era spesso consuetudine per il progettista rinascimentale cimentarsi in questi progetti.<\/p>\n\n\n\n<p class=\"has-foreground-color has-text-color\">I principi-guerrieri spesso erano anche mecenati. La forza di un signore si misurava dal numero dei soldati alle sue dipendenze e anche dagli artisti, matematici, umanisti che frequentavano la sua corte. Proprio in questi anni assistiamo alla restaurazione dei trattati antichi sulla <a href=\"https:\/\/formelle.uniurb.it\/?page_id=3525\">meccanica <\/a>da parte degli umanisti. Il recupero della scienza dei greci stimol\u00f2 la curiosit\u00e0 dei regnanti e degli architetti che dovevano occuparsi della costruzione di macchine. Grazie alle traduzioni latine e volgari dei classici e a un nuovo modo di vedere la meccanica, a lungo considerata arte vile, gli architetti entrano in contatto con nuove conoscenze teoriche e tecniche. In questo quadro si formano importanti personaggi che seppero unire competenze artistiche, idrauliche, meccaniche, architettoniche, geometriche e militari. I protagonisti di questo periodo storico-culturale sono gli artisti-ingegneri, ovvero quelle figure poliedriche dotate di molteplici competenze in grado di ideare, progettare e disegnare in dettaglio opere architettoniche, fortificazioni e macchine verosimilmente funzionanti. Parte essenziale della loro attivit\u00e0 \u00e8 la riproduzione su carta delle loro proposte costruttive, sia architettoniche sia macchinali, in maniera realistica e tridimensionale mediante la tecnica della prospettiva al fine di dare risalto alla profondit\u00e0 e allo spazio. Questa tecnica aiutava a mostrare con maggiore realismo le caratteristiche costruttive e funzionali che rendono i progetti concretamente realizzabili. I primi studi sulla prospettiva possono essere ricondotti all\u2019architetto Filippo Brunelleschi (1337-1446), tuttavia \u00e8 noto che la prospettiva ricevette una sistemazione teorica con le opere <em>Sulla Pittura<\/em> (1436 circa, in volgare) dell\u2019architetto-umanista Leon Battista Alberti e <em>De prospectiva pingendi<\/em> (XV secolo, in volgare) dell\u2019artista-matematico Piero della Francesca. Sebbene questi trattati non ebbero grandissima fortuna tra gli artisti, nelle botteghe la prospettiva veniva appresa e sperimentata imitando il maestro.<\/p>\n\n\n\n<p class=\"has-foreground-color has-text-color\">Lavorando a stretto contatto con i traduttori, i tecnici erano messi nella condizione di avere facilmente accesso alla letteratura matematica antica. Questo rapporto di collaborazione non era per\u00f2 solo a vantaggio degli ingegneri: la capacit\u00e0 illustrativa degli artisti-ingegneri era ben vista dagli umanisti impegnati nelle traduzioni di trattati sulle macchine, perch\u00e9 spesso il testo restaurato dagli umanisti risultava comprensibile solo avendo a disposizione l\u2019immagine della macchina descritta. Sempre nel Quattrocento l\u2019artista-ingegnere inizia a cimentarsi anche come autore di scritti, sebbene caratterizzati perlopi\u00f9 da immagini. In queste opere, e soprattutto in quelle riguardanti le macchine, realizzate grazie alla cooperazione tra artisti-ingegneri e umanisti sono spesso presenti rappresentazioni tridimensionali, cio\u00e8 quelle modalit\u00e0 di espressione tipiche della cultura tecnica rinascimentale.&nbsp;<\/p>\n\n\n\n<p class=\"has-foreground-color has-text-color\">Possiamo trovare alcuni esempi di questa nuova letteratura caratterizzata dalla forte presenza delle rappresentazioni anche negli scritti dell&#8217;ingegnere francese Villard&nbsp; de Honnecourt (XIII secolo), questi destinati prevalentemente ai tecnici, e del medico e consigliere militare italiano Guido da Vigevano (1280-1349 circa). A differenza di Villard de Honnecourt, gli scritti di Guido da Vigevano comprendevano immagini provenienti dai manoscritti antichi e rappresentazioni molto creative. Konrad Keyser (1366-1410 circa), soldato tedesco, ci ha lasciato una raccolta di macchine belliche, designate forse da un artista locale, ricca di citazioni latine (forse anche queste ultime non sono opera sua). L&#8217;opera, che secondo gli ultimi studi sembra essere il riusultati delle riflessioni di pi\u00f9 autori, \u00e8 circolata enormemente, anche nel Cinquecento. E&#8217; da segnalare anche il <em>Bellicorum instrumentorum liber<\/em> del medico Giovanni Fontana (1393-1455). Fontana usa la <em>Meccanica <\/em>di Erone nella versione araba.&nbsp;<\/p>\n\n\n\n<p class=\"has-foreground-color has-text-color\">Alla base di questi scritti sulle macchine prodotti da uomini colti ma estremamente interessati all&#8217;architettura civile e militare possiamo collocare le opere di Frontino, Vegezio e Vitruvio. Soprattutto il <em>De Architectura<\/em> di Vitruvio, che all&#8217;epoca iniziava a circolare anche in traduzione volgare (ricordiamo che l&#8217;<em>Editio princeps<\/em> esce nel 1486-1487, edita da Eucharius Silber, mentre la prima edizione con immagini esce nel 1511, edita da Fra Giocondo, e la prima versione volgare esce nel 1521, edita da Cesariano), ebbe un impatto notevole sulla formazione degli architetti. Grande diffusione ebbero anche i testi aristotelici, soprattutto la <em>Fisica<\/em>, la <em>Metafisica<\/em>, le <em>Meteore<\/em>, il <em>De anima<\/em>. Fino alla fine del Quattrocento invece l&#8217;importante opere sulla <em>Meccanica <\/em>rimase in penombra.<\/p>\n\n\n\n<p class=\"has-foreground-color has-text-color\">A differenze delle opere fin qui citate, le opere di Archimede circolarono con estrema difficolt\u00e0, in quanto risultavano essere di difficile comprensione a causa delle traduzioni latine non proprio coerenti e del difficile contenuto matematico. La <em>Meccanica <\/em>di Erone, al contrario di quelle di Archimede e del trattato di Vitruvio non era al tempo disponibile, se non in versione araba. Nel Quattrocento circolava invece la <em>Pneumatica <\/em>di Erone, tanto da riscuotere un certo interesse, almeno cos\u00ec emerge da alcuni testi dell&#8217;epoca (alcuni esempi sono le opere di Vincenzo Fontana e di Giorgio Valla, si veda Trabucco, O., 2010, <em>\u00abL&#8217;opere stupende dell&#8217;arti pi\u00f9 ingegnose\u00bb. La recezione degli \u03c0\u03bd\u03b5\u03c5\u03bc\u03b1\u03c4\u03b9\u03ba\u03ac di Erone Alessandrino nella cultura italiana del Cinquecento<\/em>, Firenze, Olschki). Un ruolo di primo piano per ci\u00f2 che concerne la diffusione della meccanica antica lo ebbe anche Giordano Nemorario con le sue opere sulla scienza dei pesi.&nbsp;<\/p>\n\n\n\n<p class=\"has-foreground-color has-text-color\">Gli studiosi concordano nel ritenere il disegno uno degli elementi caratteristici della cultura tecnica rinascimentale. Ad esempio nel Rinascimento il disegno era ampiamente impiegato da architetti, costruttori e artisti per studiare, mostrare e comunicare il funzionamento dei congegni meccanici e gli elementi architettonici. La formazione di queste figure professionali, che lo storico Carlo Maccagni colloca nel cosiddetto <em>strato culturale inte<\/em><em>rmedio<\/em>, era caratterizzata dalla frequentazione di scuole d\u2019abaco e botteghe. Questo strato culturale intermedio, posto tra gli analfabeti e i dotti che leggevano e scrivevano in latino, si presentava come una realt\u00e0 socioculturale estremamente variegata ed eterogenea che si esprimeva sia usando il volgare sia mediante il disegno. Nelle botteghe e nelle scuole d\u2019abaco gli allievi erano abituati ad assimilare e ad apprendere \u201crubando con gli occhi\u201d. Per questo motivo la cultura tecnica fin qui descritta, a differenza di quella dotta, faceva dell\u2019immagine uno dei principali strumenti di accesso alla conoscenza e di espressione.<\/p>\n\n\n\n<p class=\"has-foreground-color has-text-color\">Possiamo collocare nel cosiddetto strato culturale intermedio figure come quelle di Francesco di Giorgio Martini e Leonardo da Vinci. Francesco di Giorgio e Leonardo usarono le loro capacit\u00e0 artistiche e le loro conoscenze geometriche per ideare macchine curiose e portentose: essi, da un lato, impiegavano l\u2019arte per meglio visualizzare i problemi meccanici e, dall\u2019altro, esprimevano il loro ingegno mediante rappresentazioni artistiche. Secondo Paolo Galluzzi questi artisti-ingegnerei hanno favorito l\u2019introduzione pi\u00f9 sistematica dell\u2019immagine nella trattazione architettonica e macchinale (Galluzzi, P., 1997, <em>Introduzione<\/em>, in <em>Gli ingegneri del Rinascimento. Da Brunelleschi a Leonardo da Vinci<\/em>, Firenze, Istituto e Museo di Storia della Scienza, Giunti).&nbsp;<\/p>\n\n\n\n<p class=\"has-foreground-color has-text-color\">Francesco di Giorgio Martini, ad esempio, nel prologo al <em>Trattato di architettura civile e militare <\/em>elogia le conoscenze degli antichi e l&#8217;utilit\u00e0 del disegno:<strong> <\/strong>&#8220;Eupompo di Macedonia, egregio matematico, nissuna arte perfettamente negli uomini essere determinava senza aritmetica e geometria. Similmente non solo da lui, ma da molti altri periti non meno necessaria era esistimata l\u2019arte del disegno in qualunque operativa scienza, che le prenominate. Questo medesimo giudicando Apelle e Melanzio esperti matematici, solerti pittori e di grande autorit\u00e0 per tutta la Grecia e massime in Sicione, costituirono che i padri di famiglia ai figliuoli loro e posteri fessero imparare l\u2019arte antigrafica: e conosciuta dopo breve tempo l\u2019utilit\u00e0 sua e la nobilt\u00e0 di molte scienze delle quali presuppone la notizia, fu in modo celebrata, che, siccome ne scrive Plinio, nel primo grado delle liberali era riputata, n\u00e8 permettevano che a\u2019 servi insegnata fosse. Onde bench\u00e8 ai d\u00ec nostri sia riputata vile e inferiore a molte altre arti meccaniche, nientedimeno chi considerasse quanto sia utile e necessaria in ogni opera umana, s\u00ec nell\u2019invenzione, s\u00ec nell\u2019esplicare li concetti, s\u00ec nell\u2019operare e all\u2019arte militare; e oltre a questo aritmetica, geometria, prespettiva a questa essere affini, senza errore giudicheria essa essere un mezzo necessario in ogni cognizione, e opera delle cose fattibili con diritta ragione. [&#8230;] [G]li autori che in architettura hanno scritto, non ci hanno lasciato i libri con l\u2019arte compita, ed i vocaboli loro per le cagioni assegnate sono stati fatti ignoti, e gli esempi gran tempo stati in ruina; onde per molte circostanze considerando le antiche opere de\u2019 Romani e de\u2019 Greci ottimi scultori e architettori, \u00e8 stato necessario ritrovare quasi come di nuovo la forza del parlare degli autori, e il segno col significato concordando, massime di Vitruvio degli altri pi\u00f9 autentico riputato: la qual cosa per forza di grammatica greca e latina mai si \u00e8 possuto perducere a fine, bench\u00e8 pi\u00f9 peritissimi ingegni nell\u2019una e nell\u2019altra lingua si siano affaticati, come da me e dal mio Signore [Federico da Montefeltro] indutti; e questa mia fatica tanto meno grave parea quanto io trovava le proporzioni dell\u2019opere corrispondere alle autorit\u00e0 e scritture di Vitruvio, e perch\u00e8 io conosco che non solo dobbiamo render grazie a quelli che nelle arti a noi hanno lasciato la verit\u00e0 elucidata, ma a quelli ancora che ci hanno mosso le quistioni di alcuni secreti, perch\u00e8 per loro mezzo siamo alla vera notizia pervenuti, come dice Aristotile nella Metafisica sua, e non meno biasimare quelli che con le vigilie e fatiche d\u2019altri acquistar fama desiderano, non volendo cadere in questo vizio d\u2019ingratitudine, n\u00e8 ancora ornarmi di vestimenti alieni, come molti che le opere d\u2019altri hanno usurpato, e vendicatosi il nome del quale il vero compositore solamente era degno; per questo non sia alcuno che si persuada tutto quello che in questa mia operetta si contiene, voglia reputato sia di mia invenzione: perch\u00e8 molte conclusioni ho di pi\u00f9 libri e massime di Vitruvio estratte et excerte nelle regole delle proporzioni di colonne, basi, capitelli e cornici, e cos\u00ec alcuni esempi e regole del primo, secondo e del quarto libro sono delle fatiche degli antichi, non con poca sollecitudine da me a luce ridotte&#8221;. (Francesco di Giorgio Martini, <em>Trattato di architettura civile e militare: con dissertazioni e note per servire alla storia militare italiana<\/em>, atlante, ora per la prima volta pubblicato a cura di Cesare Saluzzo, edito da Promis<strong>,<\/strong> Prologo, tratto dal codice senese]<\/p>\n\n\n\n<p class=\"has-foreground-color has-text-color\">Grazie al suo impatto immediato e non vincolato dai particolarismi linguistici locali, la rappresentazione artistica divenne presto uno strumento ampiamente utilizzato anche dai principi per comunicare e veicolare il loro potere militare e politico. Ad esempio l&#8217;arte era impiegata per celebrare le imprese belliche, come possiamo notare dall&#8217;eredit\u00e0 che ci ha lasciato il Duca di Urbino Federico da Montefeltro. Egli fu un illuminato mecenate, uomo colto, specialista nell&#8217;arte della guerra e amante di scienze, lettere ed arti. Il legame sempre pi\u00f9 forte tra potere, scienza e tecnica \u00e8 rappresentato nel Fregio dell&#8217;arte della guerra, ovvero 72 bassorilievi che al tempo ornavano la facciata del Palazzo Ducale di Urbino. Infatti, all&#8217;epoca la guerra non era solamente violenza, ma era astuzia, organizzazione, strategia e ingegno. Ed \u00e8 proprio in questo contesto sociale e politico che acquistano sempre pi\u00f9 importanza gli architetti civili e militari. Queste figure si occupavano di logistica militare e civile, di predisporre le artiglierie, di strategie di offesa e di difesa, di progettare fortificazioni, macchine belliche e civili e per intrattenere le corti.<\/p>\n\n\n\n<p class=\"has-foreground-color has-text-color\">Su questo tema \u00e8 interessante il punto di vista di Francesco di Giorgio Martini:<\/p>\n\n\n\n<p class=\"has-foreground-color has-text-color\">&#8220;Ora d&#8217;alcuna cosa alla guerra apartenenti e de le macchine e costituzioni d&#8217;essa. In prima della providenzia del capitano, el quale debba essare savio, provido e potente di suo, persona auldace, bel parlatore, vigilante, dotto nelle scienzie, curiale, fedele, assueto nelle guerrre, crudel ne le battaglie e sopratutto secretissimo. E queste sono le parti principali circa a la persona sua e senza queste e&#8217;ccome nave senza timone&#8221; [Biblioteca Medicea Laurenziana, Ashburhnam 361, f. 47v, trascrizione in Francesco di Giorgio Martini, Trattati di architettura, ingegneria e arte militare; a cura di Corrado Maltese e di Livia Maltese Degrassi, Milano, Il polifilo, 1967].<\/p>\n\n\n\n<p class=\"has-foreground-color has-text-color\">Bonaiuto Lorini (?-1611), capitano e architetto, era convinto che il disegno fosse uno strumento fondamentale per l&#8217;architetto e utile per in generale per l&#8217;uomo nelle sue professioni. Lorini scrive nel <em>Delle fortificationi<\/em> (Libro I. Pratica per disegnare in prospettiva tutte le cose elevate dal piano. CAP. XII) che il disegno \u00e8 &#8220;non solo \u00e8 utile, ma molto necessario, s\u00ec in questa professione del fortificare, come anco in tutte le altre, dove per\u00f2 ciascuno si doveria affaticare per impararlo; atteso che da esso ne dipende la vera intelligentia di tutte le cose: potendosi con questo mostrare quella maggior perfettione, che possa havere l&#8217;ingegno dell&#8217;huomo, si nell&#8217;imitare l&#8217;opere maravigliose fatte dalla Natura, e dall&#8217;Arte, come anco per mostrare a tutti, e far intendere ogni suo concetto. [&#8230;] Perch\u00e9 con questo non solo si mostrano tutte le inventioni, e fondamenti di esse (approvando il bene, et emendando il male) ma si rappresentano i siti de paesi, cio\u00e8 la terra, et il mare, e quanto essa Natura, et Arte habbino operato, e del tutto sopra una semplice carta se ne fa la sua apparente dimostratione, come realmente st\u00e0, et dover\u00e0 stare. Potendosi ancora vedere quanto esso disegno sia non solo utile, ma necessario, e particolarmente nell&#8217;esplicare, e fare intendere essi nostri concetti [&#8230;] il di\u017fegno \u00e8 molto utile in tutte le professioni, et massime a quelli, che debbono comandare, e fare essequire opere grandi [&#8230;] E chi disprezzar\u00e0, e far\u00e0 poca stima della intelligenza del disegno, con dire, che \u00e8 fattura da Mecanici, e da gente di bassa conditione, dico senza alcun dubbio, questi tali essere in grand&#8217;errore, e per consequenza poter mancare di perfettione nel comandare, perche chi non sapra fare un disegno, non lo sapr\u00e0 neanco bene intendere&#8221;.<\/p>\n\n\n\n<p class=\"has-foreground-color has-text-color\">La rappresentazione di macchine caratterizza anche le pagine del <em>Mechanicorum Liber<\/em> (1577) di Guidobaldo del Monte. Quest\u2019opera, scritta prima in latino e poi tradotta in volgare (1581) da Pigafetta, \u00e8 intrisa di geometria e contiene numerose rappresentazioni geometriche e tridimensionali di una stessa macchina. Le rappresentazioni geometriche hanno la funzione di mostrare le diverse tipologie di equilibrio meccanico e di rendere pi\u00f9 agevole la comprensione delle reazioni vincolari a cui le macchine sono sottoposte. Invece, la rappresentazione reale e concreta di una macchina, tipica della cultura tecnica rinascimentale, aveva un maggiore impatto cognitivo. Infatti per i tecnici, considerata la loro formazione, era importante \u201cvedere\u201d se la teoria esposta potesse \u201cconcretamente\u201d funzionare. Queste doppie rappresentazioni avevano la funzione di facilitare ai tecnici la comprensione della meccanica spiegata in termini geometrici.<\/p>\n","protected":false},"excerpt":{"rendered":"<p>Nel Quattrocento, quando le guerre imperversavano e le citt\u00e0 crescevano, i principi-guerrieri, ovvero quei principi dediti all&#8217;arte della guerra, diedero un forte impulso allo sviluppo tecnologico delle macchine, chiedendo agli architetti progetti macchinali pi\u00f9 belli e pi\u00f9 utili da utilizzare negli scenari bellici. Le macchine che venivano richieste non erano solo macchine da guerra, ma [&hellip;]<\/p>\n","protected":false},"author":5,"featured_media":0,"parent":0,"menu_order":0,"comment_status":"closed","ping_status":"closed","template":"","meta":[],"uagb_featured_image_src":{"full":false,"thumbnail":false,"medium":false,"medium_large":false,"large":false,"1536x1536":false,"2048x2048":false},"uagb_author_info":{"display_name":"Davide Pietrini","author_link":"https:\/\/formelle.uniurb.it\/?author=5"},"uagb_comment_info":0,"uagb_excerpt":"Nel Quattrocento, quando le guerre imperversavano e le citt\u00e0 crescevano, i principi-guerrieri, ovvero quei principi dediti all&#8217;arte della guerra, diedero un forte impulso allo sviluppo tecnologico delle macchine, chiedendo agli architetti progetti macchinali pi\u00f9 belli e pi\u00f9 utili da utilizzare negli scenari bellici. Le macchine che venivano richieste non erano solo macchine da guerra, ma&hellip;","_links":{"self":[{"href":"https:\/\/formelle.uniurb.it\/index.php?rest_route=\/wp\/v2\/pages\/3535"}],"collection":[{"href":"https:\/\/formelle.uniurb.it\/index.php?rest_route=\/wp\/v2\/pages"}],"about":[{"href":"https:\/\/formelle.uniurb.it\/index.php?rest_route=\/wp\/v2\/types\/page"}],"author":[{"embeddable":true,"href":"https:\/\/formelle.uniurb.it\/index.php?rest_route=\/wp\/v2\/users\/5"}],"replies":[{"embeddable":true,"href":"https:\/\/formelle.uniurb.it\/index.php?rest_route=%2Fwp%2Fv2%2Fcomments&post=3535"}],"version-history":[{"count":3,"href":"https:\/\/formelle.uniurb.it\/index.php?rest_route=\/wp\/v2\/pages\/3535\/revisions"}],"predecessor-version":[{"id":3637,"href":"https:\/\/formelle.uniurb.it\/index.php?rest_route=\/wp\/v2\/pages\/3535\/revisions\/3637"}],"wp:attachment":[{"href":"https:\/\/formelle.uniurb.it\/index.php?rest_route=%2Fwp%2Fv2%2Fmedia&parent=3535"}],"curies":[{"name":"wp","href":"https:\/\/api.w.org\/{rel}","templated":true}]}}