{"id":3523,"date":"2023-05-31T13:34:44","date_gmt":"2023-05-31T12:34:44","guid":{"rendered":"https:\/\/formelle.uniurb.it\/?page_id=3523"},"modified":"2023-05-31T18:09:27","modified_gmt":"2023-05-31T17:09:27","slug":"i-codici-di-francesco-di-giorgio-martini","status":"publish","type":"page","link":"https:\/\/formelle.uniurb.it\/?page_id=3523","title":{"rendered":"I codici di Francesco di Giorgio Martini"},"content":{"rendered":"<style id=\"kb-spacer_4511cf-f3\">.wp-block-kadence-spacer.kt-block-spacer-_4511cf-f3 .kt-divider{border-top-color:#297373;width:80%;}<\/style>\n<div class=\"wp-block-kadence-spacer aligncenter kt-block-spacer-_4511cf-f3\"><div class=\"kt-block-spacer kt-block-spacer-halign-center\"><hr class=\"kt-divider\"\/><\/div><\/div>\n\n\n\n<p class=\"has-foreground-color has-text-color\">Problemi attributivi e cronologici rendono la ricognizione dei codici di<a href=\"https:\/\/formelle.uniurb.it\/?page_id=2740\"> Francesco di Giorgio Martini<\/a> un lavoro che ancora oggi appare essere parziale e incompleto. Ciononostante, sulla base degli studi di Massimo Mussini e di Corrado Maltese, \u00e8 possibile abbozzare un elenco dei disegni martiniani e collocarli temporalmente.<\/p>\n\n\n\n<p class=\"has-foreground-color has-text-color\"><strong>1 Biblioteca Apostolica Vaticana (d&#8217;ora in poi BAV), Urb Lat. 1757 (<em>Codicetto<\/em>):<\/strong><\/p>\n\n\n\n<p class=\"has-foreground-color has-text-color\">Gli studiosi concordano nel ritenere il cosiddetto <em>Codicetto <\/em>uno dei primi lavori di Francesco di Giorgio Martini. Esso venne composto probabilmente tra il 1465 e il 1476. Una delle prime testimonianze del codice risale al catalogo (1632) della biblioteca di Casteldurante di Francesco Maria II della Rovere.<\/p>\n\n\n\n<p class=\"has-foreground-color has-text-color\"><strong>2 <em>Opusculum de architectura<\/em> (codice 197.B.21, conservato al British Museum, gi\u00e0 codice Harley 3281):<\/strong><\/p>\n\n\n\n<p class=\"has-foreground-color has-text-color\">Il codice, autografo di Francesco di Giorgio Martini, venne composto tra il 1474 e il 1477 e probabilmente offerto al duca <a href=\"https:\/\/formelle.uniurb.it\/?page_id=3531\">Federico da Montefeltro<\/a>, come indicato nella prefazione. Fino al XVII secolo il codice era presente nella biblioteca di Urbino. L&#8217;<em>Opusculum de architectura<\/em> \u00e8 tra le principali fonti iconografiche dei bassorilievi in pietra (formelle) che fino al 1756 occupavano la facciata esterna del Palazzo Ducale di Urbino.<\/p>\n\n\n\n<p class=\"has-foreground-color has-text-color\">La prefazione del codice conservato al British Museum \u00e8 in alcuni punti danneggiata. Le lacune possono essere colmate grazie alla copia per il Duca di Savoia Emanuele Filiberto fatta realizzare da Guidubaldo II della Rovere :&nbsp;<\/p>\n\n\n\n<p class=\"has-foreground-color has-text-color\"><em>Ad inclytum Principem Federicum Urbinatum Ducem Francisci Georgii Senensis in opusculum de architectura ab ipso pictum atque excogitatum praefatio:<\/em><\/p>\n\n\n\n<p class=\"has-foreground-color has-text-color\"><em>Alexander ille macedo cuius ob res bellicas egregie mirificeque gestas memoriam nulla umquam tempora abolebunt, Illustrissime Princeps, tum ceteris summi ingenii artibus tum Architectura mirum in modum dicitur delectatus, cuius rei et alla comprobantia<\/em> <em>[inters]unt et in primis Dinocrates architectus ea aetate praestantissimus qui cum eo Rege Asiam peragravit, Alexandriamque urbem aegypti praecipuam in Nili hostio ad formam macedonicae clamidis metatus est. Nec immerito vir ille natus Imperio hanc solertis ingenii partem adamavit, sine qua neque urbium oppugnationes nec munitiones castrorum nec plurima alla ad Imperii tutamen hostiumque impugnationem fieri possunt. Caesar quoque Julius Vetruvium architectum in castris aliquandiu habuit, magnaque benivolentia et familiaritate prosecutus est. Sed ne vetera commemorando sim longior, ades tu aetatis nostrae specimen verae antiquitatis exemplum, qui cum ceteras bonas artes tum hanc Architecturae solertiam situ interire non pateris. Ego vero cum complura memoratu dignissima incognitaque aliis meo ipsius ingenio (quod sine arrogantia dictum accipi<\/em> <em>velim) adinvenissem, cuperemque hoc munere Principem aliquem impartire, Tu profecto mihi longe caeteris anteferendus occurristi, quem nostris laboribus dignissimum judicarem. Quid enim convenientius fieri potuit quam tibi hoc opus dicare qui immortalibus tuis rebus gestis Italiam illustrasti, et in magnis artis militaris operibus praestantibusque Palatiis et arcibus condendis architectorum opera utaris assidue? Qui cum ipse ingenio plurimum floreas aliorum ingenia non amare nequeas. Itaque laeto animo hoc munusculum accipias imitatus Artaxersem illum Persiae nobilissimum regem qui etiam aquam cavis manibus haustam a porrigente Agricola benigne suscepit: quippe hominis studium animique fidem magis quam opus ipsum aestimandum censebat. Illud meo iure videor posse polliceri multa futura hic, quae D.<\/em><em><sup>ni<\/sup><\/em><em> tuae et conducant non modicum, eamque plurimum sint oblectatura. Sed advertendum non omnia quae in hoc codice continentur adamussim potuisse graphidis ratione declarari, complurima nam potius in ipsa mente et ingenio quam pictura et delineationibus valeant patefieri. Praeterea in opere ipso quaedam eveniunt quae numquam sunt ab artifice cogitata; quare longa rerum experientia et lectione diutina ac praecipue agili ingenio architectus praeditus esse oportet, ne ad ea quae impremeditata contingunt imparati offenduntur. <\/em>(pubblicato da Promis, 1841, pp. 104-105).<\/p>\n\n\n\n<p class=\"has-foreground-color has-text-color\">Gli studiosi ritengono che il codice ora conservato al British Museum sia uno dei due codici attribuiti a Francesco di Giorgio Martini e segnalati nell&#8217;Indice Vecchio (BAV, Urb. Lat. 1761) compilato da Agabito di Urbino ed edito da C. Stornajolo in <em>Codices Urbinates graeci<\/em>, Romae, ex Typographeo Vaticano, 1895, pp. LIX-CLXXIV.<\/p>\n\n\n\n<p class=\"has-foreground-color has-text-color\">Nell&#8217;edizione di Stornajolo sono registrate due voci:<\/p>\n\n\n\n<p class=\"has-foreground-color has-text-color\">I) \u00abFrancisci Georgii Senensis Architectura cum picturis ab eodem excogitatis et pictis ad Divum Federicum Urbinatum ducem regium imperatorem et Sanctae Romanae Ecclesiae perpetuum dictatorem opus quidem aspectu pulcherrimum. In rubro\u00bb, con nota \u00ab(habuit Batista Comandinus. Restituit)\u00bb (Indice Vecchio n. 294);<\/p>\n\n\n\n<p class=\"has-foreground-color has-text-color\">II) \u00abFrancisci Georgii senesi liber de instrumentis bellicis et de aliis machinis sive historia cum prohemio tantum ad illustrissimum Federicum feretranum\u00bb, con nota \u00abVidetur mihi iam apposuisse in hoc. Idemque non invenio. (positus inter Cosmographos ad centrum)\u00bb (Indice Vecchio n. 607).&nbsp;<\/p>\n\n\n\n<p class=\"has-foreground-color has-text-color\">Secondo Marcella Peruzzi (in S. Bettini, <em>Intorno a Francesco di Giorgio: un codice di macchine civili e militari della collezione Santini<\/em>,<em> Esame codicologico e provenienza <\/em>a cura di Marcella Peruzzi, in <em>Some degree of happiness. Studi di storia dell\u2019architettura in onore di Howard Burns<\/em>, a cura di M. Beltramini e C. Elam, Pisa 2010) la prima voce corrisponde probabilmente all&#8217;<em>Opuscolum de architectura<\/em>.&nbsp;Sempre secondo l&#8217;esame della studiosa, la nota in corrispondenza del codice Indice Vecchio n. 294 \u00e8 di una mano diversa da quella di Agabito di Urbino, autore dell&#8217;inventario, e dovrebbe corrispondere a quella del successivo bibliotecario Federico Veterani. Pertanto la nota risalirebbe al 1520-1530. Da una esame calligrafico, Peruzzi ipotizza che Veterani potrebbe essere stato l&#8217;autore anche della seconda voce (Indice Vecchio, n. 607) e della corrispondente nota. Sempre secondo Peruzzi, quando Battista Commandino restitu\u00ec il codice, Veterani cre\u00f2 un&#8217;ulteriore voce (Indice Vecchio, n. 607) perch\u00e9, a causa di un calo rilevante della vista, non trovava la collocazione appropriata. In seguito, individuata la corretta collocazione (Indice Vecchio, n. 294), Veterani provvide ad annotare a margine del n. 294 l\u2019avvenuta restituzione da parte di Battista Commandino e depenna il n. 607 che lui stesso aveva creato, segnalando qui a margine che il codice \u00e8 \u00abpositus inter Cosmographos ad centrum\u00bb. A sostegno dell&#8217;ipotesi, Peruzzi fa notare che il tema del codice n. 607 \u00e8 diverso dai temi degli altri libri che compongono la sezione. Pertanto, la collocazione del codice n. 607, incoerente con il resto della sezione, sarebbe giustificabile solo ammettendo l&#8217;errore del bibliotecario.<\/p>\n\n\n\n<p class=\"has-foreground-color has-text-color\">Invece, secondo Francesco Paolo Fiore (F. P. Fiore, <em>Citt\u00e0 e Macchine del \u2018400 nei disegni di Francesco di Giorgio Martini<\/em>, Firenze<em>, <\/em>1978) , il codice Indice Vecchio n. 607 sarebbe il codice dato da Francesco di Giorgio Marini a Federico da Montefeltro e avrebbe le stesse caratteristiche descrittive e di legatura del codice <em>Opusculum de architectura<\/em>. Secondo Fiore, la collocazione \u00e8 da ritenersi coerente, in quanto dal codice n. 428 al codice n. 433 dell&#8217;Indice Vecchio sono i collocati i codici di Vegetio, Valturio, Frontino. Mentre il codice Indice Vecchio n. 294 \u00e8 accanto a codici riguardanti l&#8217;architettura in generale, come i codici di Vitruvio e di Leon Battista Alberti. Secondo Fiore il codice&nbsp; Indice Vecchio n. 294, ora perduto, \u00e8 stato composto a Urbino.<\/p>\n\n\n\n<p class=\"has-foreground-color has-text-color\"><strong>3 Trattato di architettura (codice Zichy, ms. 09.2690), Biblioteca Municipale Szab\u00f3 Ervin di Budapest (Ungheria):<\/strong><\/p>\n\n\n\n<p class=\"has-foreground-color has-text-color\">Il codice, compilato dal veneziano Angelo Cortivo, risale agli anni 1490-1500. Esso contiene la traduzione italiana del <em>De architectura<\/em> di Vitruvio e alcuni disegni riconducibili alle decorazioni del Palazzo Ducale di Urbino. La maggior parte degli studiosi ritengono che queste parti appena citate del codice siano state realizzate da Francesco di Giorgio Martini sulla base del codice BAV, Urb. Lat. 293 durante la sua permanenza a Urbino, ovvero tra il 1477 e il 1480. Quest&#8217;ultimo codice e il codice BAV, Urb. Lat. 1360 erano al tempo conservati presso la biblioteca urbinate. Il codice Zichy \u00e8 diviso in quattro parti: disegni architettonici; liriche; traduzione parziale dei Libri I-VII del <em>De architectura<\/em> di Vitruvio; proto-trattato di architettura con una introduzione dedicata ai principi di geometria riconducibile a una volgarizzazione degli <a href=\"https:\/\/formelle.uniurb.it\/?page_id=3533\">Elementi di Euclide<\/a>.<\/p>\n\n\n\n<p class=\"has-foreground-color has-text-color\"><strong>4 <em>Trattato di architettura civile e militare<\/em> (codice Ashburhnam 361), Biblioteca Laurenziana (Firenze):<\/strong><\/p>\n\n\n\n<p class=\"has-foreground-color has-text-color\">Il codice risale al 1480-1482 circa (la fase preparatoria pu\u00f2 essere collocata tra 1478 e il 1481). Quattro fogli del codice originale (Fogli Reggiani, mss regg. A.46.9 bis) sono conservati presso la Biblioteca Municipale di Reggio Emilia.<\/p>\n\n\n\n<p class=\"has-foreground-color has-text-color\"><strong>5 <em>Trattato di architettura civile e militare<\/em> (codice Saluzziano 148), Biblioteca Reale (Torino):<\/strong><\/p>\n\n\n\n<p class=\"has-foreground-color has-text-color\">Il codice risale agli anni 1478-1486 (la fase preparatoria pu\u00f2 essere collocata tra 1478 e il 1481). Secondo alcuni studiosi le pagine con disegni di monumenti antichi sono da considerarsi separate e realizzate intorno al 1486.<\/p>\n\n\n\n<p class=\"has-foreground-color has-text-color\"><strong>6 <em>Trattato di architettura civile e militare<\/em> (codice Senese,&nbsp; S. IV.4.), Biblioteca Comunale degli Intronati (Siena):&nbsp;<\/strong><\/p>\n\n\n\n<p class=\"has-foreground-color has-text-color\">Il codice risale al 1496-1497 (la fase preparatoria pu\u00f2 essere collocata tra 1487 e il 1489).<\/p>\n\n\n\n<p class=\"has-foreground-color has-text-color\"><strong>7 <em>Trattato di architettura civile e militare<\/em> (codice Magliabechiano, II.I.141), Biblioteca Nazionale Centrale di Firenze:<\/strong><\/p>\n\n\n\n<p class=\"has-foreground-color has-text-color\">Il codice \u00e8 stato scritto tra il 1497 e il 1500 (la fase preparatoria pu\u00f2 essere collocata tra 1478 e il 1481) probabilmente dallo stesso Francesco di Giorgio Martini. Il manoscritto \u00e8 stato pubblicato da Promis nel 1841. Il codice contiene anche la Traduzione di Vitruvio realizzata sempre da Francesco di Giorgio Martini.<\/p>\n\n\n\n<p class=\"has-foreground-color has-text-color\"><strong>Altri codici:<\/strong><\/p>\n\n\n\n<p class=\"has-foreground-color has-text-color\">Fogli Chigi Saracini (Collezione Chigi Saracini, Siena, data 1498-1501 circa, autografo di Francesco di Giorgio Martini);<\/p>\n\n\n\n<p class=\"has-foreground-color has-text-color\">Trattato di architettura civile e militare (codice Beinecke 491, Beinecke Library, Yale University, New Haven, data 1510-1520);<\/p>\n\n\n\n<p class=\"has-foreground-color has-text-color\">Disegni di macchine e architetture militari (codice G.3.5.3., Biblioteca Bertoliana, Vicenza, data 1510-1520);<\/p>\n\n\n\n<p class=\"has-foreground-color has-text-color\"><em>Trattato di architettura civile e militare<\/em> (codice Marciano 5541 &#8220;Ms. It. IV.3-4&#8221;, Biblioteca Nazionale Marciana di Venezia, data 1510-1520);<\/p>\n\n\n\n<p class=\"has-foreground-color has-text-color\">Opera di architettura (codice Spencer 129, Public Library, New York, data 1520-1530);<\/p>\n\n\n\n<p class=\"has-foreground-color has-text-color\">Libro di macchine (codice It.421\u03b1.G.4.21., Biblioteca Estense, Modena, data 1520-1550);<\/p>\n\n\n\n<p class=\"has-foreground-color has-text-color\">Trattato di architettura militare codice A, coll. E.2.I.28, Accademia di Belle Arti di Firenze, data 1530-1540;<\/p>\n\n\n\n<p class=\"has-foreground-color has-text-color\"><em>Opusculum de architectura<\/em> (Serie Militare 383, Biblioteca Reale di Torino, data 1568, realizzata per il Duca di Savoia per volont\u00e0 di Guidobaldo II della Rovere dall&#8217;originale ora conservato al British Museum).<\/p>\n\n\n\n<p class=\"has-foreground-color has-text-color\">Tra i numerosi codici che contengono disegni d&#8217;ispirazione martiniana, ricordiamo quelli compilati in <a href=\"https:\/\/formelle.uniurb.it\/?page_id=3515\">ambiente urbinate<\/a>:<\/p>\n\n\n\n<p class=\"has-foreground-color has-text-color\">-BAV Urb. Lat. 1397:&nbsp;<\/p>\n\n\n\n<p class=\"has-foreground-color has-text-color\">Il codice risale al Cinquecento ed \u00e8 probabilmente quello indicato da Venturelli nel Bav, Vat. Lat. 10482, c. 29r nell&#8217;indice dei manoscritti urbinati. Bernini Pezzini propone di associare l&#8217;autore a Girolamo Genga. Il codice \u00e8 realizzato sulla base delle formelle urbinati, probabilmente utilizzando i cartoni preparatori (P. Galluzzi, I.f.6, in <em>Prima di Leonardo: cultura delle macchine a Siena nel Rinascimento<\/em>, catalogo della mostra, a cura di P. Galluzzi, Milano 1991).<\/p>\n\n\n\n<p class=\"has-foreground-color has-text-color\">-Codice Santini (collezione dell&#8217;Avvocato Santini, Urbino, data prima met\u00e0 del Cinquecento):<\/p>\n\n\n\n<p class=\"has-foreground-color has-text-color\">Il testo presenta disegni realizzati a penna e riconducibili al BAV Urb. Lat. 1757, <em>Opusculum de Architetectura<\/em> e al BAV Urb. Lat. 1397. Molti disegni, alcuni non presenti in altri codici, riproducono la rappresentazioni impresse sui bassorilievi che un tempo occupavano la facciata del Palazzo Ducale di Urbino.<\/p>\n\n\n\n<p class=\"has-foreground-color has-text-color\">Secondo Gustina Scaglia il codice (datato 1480 circa) \u00e8 da attribuire a qualche collaboratore di Francesco di Giorgio Martini e rappresenta il testo preparatorio per la realizzazione dei bassorilievi del Palazzo Ducale di Urbino. Invece secondo Galluzzi il codice \u00e8 stato composto intorno al 1500 sulla base del fregio architettonico del Palazzo Ducale o sulla base di un codice contenente i disegni preparatori ora perduto (P. Galluzzi, I.f.5, in <em>Prima di Leonardo: cultura delle macchine a Siena nel Rinascimento<\/em>, catalogo della mostra, a cura di P. Galluzzi, Milano 1991 ).<\/p>\n\n\n\n<p class=\"has-foreground-color has-text-color\">Marcella Peruzzi ipotizza che l&#8217;autore del codice sia Giovanni Battista Comandino, ingegnere militare al servizio di Francesco Maria I della Rovere e padre del matematico filologo Federico. Alla base della sua ipotesi colloca una nota di prestito a nome di Giovanni Battista Commandino registrata intorno al 1525-1530. Nella nota si certifica che viene preso in prestito dalla Biblioteca ducale il codice n. 294, che secondo Peruzzi coincide con l\u2019<em>Opusculum de architectura<\/em>. L&#8217;<em>Opusculum de architectur<\/em>a \u00e8 il manoscritto consegnato da Francesco di Giorgio Martini al duca Federico, ora conservato al British Museum, e dal quale il codice Santini trae il maggior numero di immagini. Secondo sempre Marcella Peruzzi, il codice Santini sarebbe stato donato da Battista Commandino al duca urbinate e corrisponde al codice segnalato come mancante nell\u2019ultimo inventario della Biblioteca di Urbino redatto nel 1632 da Francesco Scudacchi. Scrive Peruzzi (in Bettini, cit.) che &#8220;alla c. 192r si \u00e8 potuto rilevare che, al di sotto del tratto che depenna un item ed affiancato dalla scritta \u00abmanca\u00bb, \u00e8 leggibile la seguente descrizione: \u00abFrancisci Giorgii senensi Machinae in 4\u00ba, manoscritto in carta pergamena, legato in corame rosso. \u00c8 nella 3\u00ba scansia all\u2019ordine n. 7\u00bb. Tale descrizione corrisponde alle caratteristiche codicologiche e contenutistiche del manoscritto in esame&#8221;. Pertanto, seguendo l&#8217;ipotesi di Peruzzi, il codice Santini comparve probabilmente nella biblioteca di Urbino dopo la compilazione dell&#8217;inventario del 1498 da parte di Agabito di Urbino e rimase nella biblioteca fino al 1632. Infatti, nell&#8217;inventario redatto nel 1498 sono assenti riferimenti che possono far supporre che in quella data il codice Santini fosse nella biblioteca ducale. Mentre nell&#8217;inventario redatto nel 1632 da Francesco Scudacchi il codice riconducibile al codice Santini, secondo l&#8217;ipotesi di Marcella Peruzzi, \u00e8 registrato come mancante.<\/p>\n\n\n\n<p class=\"has-foreground-color has-text-color\">-Disegni di macchine (Ashburhnam 1357 bis, Biblioteca Laurenziana di Firenze, codice datato 1500-1550):<\/p>\n\n\n\n<p class=\"has-foreground-color has-text-color\">La scritta sul frontespizio &#8220;Mutii de Oddis Urbinatis&#8221; fa pensare che l&#8217;urbinate Muzio Oddi sia l&#8217;autore, mentre ne fu probabilmente solo il possessore. Il codice, secondo Lamberini (D. Lamberini, I.k.2, in <em>Prima di Leonardo: cultura delle macchine a Siena nel Rinascimento<\/em>, catalogo della mostra, a cura di P. Galluzzi, Milano 1991), venne realizzato in ambiente fiorentino. Esso contiene codici di chiara ispirazione martiniana e taccoliana. Alcuni disegni sono stati ottenuti mediante la tecnica del ricalco.<\/p>\n\n\n\n<p class=\"has-foreground-color has-text-color\">&#8211;<em>Organa Mechanica<\/em> (Biblioteca Marciana di Venezia, Cod. Lat., cl. VIII, 87 [=3048], codice cinquentesco):<\/p>\n\n\n\n<p class=\"has-foreground-color has-text-color\">Il codice risale al Cinquecento e contiene disegni tracciati a penna senza usare la tecnica del ricalco. Essi sono d&#8217;ispirazione martiniana e taccoliana. Molti dei disegni ricordano i bassorilievi del Palazzo Ducale di Urbino. Come dichiarato nelle pagine iniziali, il codice \u00e8 appartenuto al pesarese Guidobaldo del Monte. Vincenzo Fontana (V. Fontana, <em>Il theatro delle macchine di Guidobaldo Del Monte. Introduzione e commento<\/em>, in Guidobaldo dal Monte [attr.],<em> Organa Mechanica,<\/em> 1999, edizione<em> <\/em>facsimile<em> <\/em>del codice<em> Organa Mechanica<\/em> conservato presso la Biblioteca Nazionale Marciana di Venezia, Cod. Lat., cl. VIII, 87 [=3048], XVI secolo, mm. 162 x 119) ritiene, senza tuttavia addurre prove consistenti, che il codice sia un&#8217;esercitazione preparatoria al <em>Mechanicorum Liber<\/em> o un&#8217;opera di Girolamo Genga (in tal caso la realizzazione risalirebbe tra fine Quattrocento e inizio Cinquecento). Secondo Daniela Lamberini (D. Lamberini, I.h.5, in <em>Prima di Leonardo: cultura delle macchine a Siena nel Rinascimento<\/em>, catalogo della mostra, a cura di P. Galluzzi, Milano 1991) &nbsp;il codice poteva servire &#8220;da modello anche per macchine da lui stesso [del Monte] progettate&#8221;. Il legame tra l&#8217;ambiente veneto e Guidobaldo \u00e8 tracciato sia dalla sua frequentazione dell&#8217;Universit\u00e0 di Padova sia dai suoi interlocutori, nonch\u00e9 esponenti della cultura patavina del tempo, come Giacomo Contarini, Filippo Pigafetta, Giulio Savorgnan e Gian Vincenzo Pinelli.&nbsp;<\/p>\n\n\n\n<p class=\"has-foreground-color has-text-color\">Secondo Sergio Bettini (in Bettini, cit.), la principale fonte dell&#8217;<em>Organa mechanica<\/em> \u00e8 il codice Santini. La notizia \u00e8 condivisa anche da Molari e Molari (Molari L., e Molari P.G., 2006, \u00abUna cartolina firmata da Francesco di Giorgio nelle formelle del palazzo ducale di Urbino\u00bb, in <em>Nota Tecnica<\/em> 184, DISTART Universit\u00e0 di Bologna, a cura di Anodio <em>et alii<\/em>, AIAS 2006 Atti del XXXV Convegno Nazionale, 13-16 settembre 2006, Ancona). Sempre secondo Bettini (in Bettini, cit.), seguendo Vitruvio, <em>De architectura,<\/em> cit., X, 1, 3, II, la disposizione dei disegni segue non tanto il funzionamento delle macchine, ma quanto le forze umane impiegate, cio\u00e8 &#8220;quelle che richiedevano il concorso di un solo operatore (machinae) e quelle che necessitavano di pi\u00f9 persone (organa)&#8221;.<br>Fonte: Massimo Mussini, &#8220;La trattatistica di Francesco di Giorgio: un problema critico aperto&#8221;, in Fiore e Tafuri (a cura di), <em>Francesco di Giorgio architetto<\/em>, Electa, 1994.<\/p>\n","protected":false},"excerpt":{"rendered":"<p>Problemi attributivi e cronologici rendono la ricognizione dei codici di Francesco di Giorgio Martini un lavoro che ancora oggi appare essere parziale e incompleto. Ciononostante, sulla base degli studi di Massimo Mussini e di Corrado Maltese, \u00e8 possibile abbozzare un elenco dei disegni martiniani e collocarli temporalmente. 1 Biblioteca Apostolica Vaticana (d&#8217;ora in poi BAV), [&hellip;]<\/p>\n","protected":false},"author":5,"featured_media":0,"parent":0,"menu_order":0,"comment_status":"closed","ping_status":"closed","template":"","meta":[],"uagb_featured_image_src":{"full":false,"thumbnail":false,"medium":false,"medium_large":false,"large":false,"1536x1536":false,"2048x2048":false},"uagb_author_info":{"display_name":"Davide Pietrini","author_link":"https:\/\/formelle.uniurb.it\/?author=5"},"uagb_comment_info":0,"uagb_excerpt":"Problemi attributivi e cronologici rendono la ricognizione dei codici di Francesco di Giorgio Martini un lavoro che ancora oggi appare essere parziale e incompleto. Ciononostante, sulla base degli studi di Massimo Mussini e di Corrado Maltese, \u00e8 possibile abbozzare un elenco dei disegni martiniani e collocarli temporalmente. 1 Biblioteca Apostolica Vaticana (d&#8217;ora in poi BAV),&hellip;","_links":{"self":[{"href":"https:\/\/formelle.uniurb.it\/index.php?rest_route=\/wp\/v2\/pages\/3523"}],"collection":[{"href":"https:\/\/formelle.uniurb.it\/index.php?rest_route=\/wp\/v2\/pages"}],"about":[{"href":"https:\/\/formelle.uniurb.it\/index.php?rest_route=\/wp\/v2\/types\/page"}],"author":[{"embeddable":true,"href":"https:\/\/formelle.uniurb.it\/index.php?rest_route=\/wp\/v2\/users\/5"}],"replies":[{"embeddable":true,"href":"https:\/\/formelle.uniurb.it\/index.php?rest_route=%2Fwp%2Fv2%2Fcomments&post=3523"}],"version-history":[{"count":5,"href":"https:\/\/formelle.uniurb.it\/index.php?rest_route=\/wp\/v2\/pages\/3523\/revisions"}],"predecessor-version":[{"id":3603,"href":"https:\/\/formelle.uniurb.it\/index.php?rest_route=\/wp\/v2\/pages\/3523\/revisions\/3603"}],"wp:attachment":[{"href":"https:\/\/formelle.uniurb.it\/index.php?rest_route=%2Fwp%2Fv2%2Fmedia&parent=3523"}],"curies":[{"name":"wp","href":"https:\/\/api.w.org\/{rel}","templated":true}]}}