{"id":3520,"date":"2023-05-31T13:33:28","date_gmt":"2023-05-31T12:33:28","guid":{"rendered":"https:\/\/formelle.uniurb.it\/?page_id=3520"},"modified":"2023-05-31T18:12:04","modified_gmt":"2023-05-31T17:12:04","slug":"cronistoria-del-fregio-dellarte-della-guerra","status":"publish","type":"page","link":"https:\/\/formelle.uniurb.it\/?page_id=3520","title":{"rendered":"Cronistoria del Fregio dell&#8217;arte della guerra"},"content":{"rendered":"<style id=\"kb-spacer_4511cf-f3\">.wp-block-kadence-spacer.kt-block-spacer-_4511cf-f3 .kt-divider{border-top-color:#297373;width:80%;}<\/style>\n<div class=\"wp-block-kadence-spacer aligncenter kt-block-spacer-_4511cf-f3\"><div class=\"kt-block-spacer kt-block-spacer-halign-center\"><hr class=\"kt-divider\"\/><\/div><\/div>\n\n\n\n<p class=\"has-foreground-color has-text-color\"><a href=\"https:\/\/formelle.uniurb.it\/?page_id=3531\">Federico da Montefeltro<\/a> intraprese il progetto della fabbrica del Palazzo Ducale nel 1454 circa. Inizialmente i lavori furono affidati probabilmente a Maso di Bartolomeo. Nel 1467 Federico assegn\u00f2 l&#8217;incarico a Luciano Laurana con la famosa patente in cui lo chiama &#8220;Ingegnero&#8221;. Tra il 1474 e il 1476 Francesco di Giorgio Martini sostitu\u00ec Laurana, rimanendo al servizio del Duca di Urbino fino al 1485. La costruzione e l&#8217;ammodernamento del Palazzo continueranno fino al 1560. Seguiranno poi ulteriori modifiche, fatte di spoliazioni e cambiamenti di importanza non rilevante, fino al 1631, anno della devoluzione del Ducato alla Chiesa di Roma.<\/p>\n\n\n\n<p class=\"has-foreground-color has-text-color\">La realizzazione del Fregio dell&#8217;arte della guerra \u00e8 collocabile tra il 1474 circa e il 1481. L&#8217;epiteto &#8220;arte della guerra&#8221; si impose a seguito del tema militare che caratterizza molti dei bassorilievi e, soprattutto, alla luce della descrizione di Luca Pacioli. Per Fregio dell&#8217;arte della guerra si intendono quei 72 bassorilievi (formelle) in pietra raffiguranti trofei, simboli, armi, <a href=\"https:\/\/formelle.uniurb.it\/?page_id=3525\">macchine <\/a>civili e di guerra che un tempo erano posizionati lungo la spalliera del sedile della facciata del Palazzo Ducale di Urbino. Gli studiosi hanno individuato nel Fregio molti riferimenti al Papa Sisto IV della Rovere. Pertanto, concordano nel delimitare il periodo di esecuzione di tutti i rilievi tra il 1474 e il 1481, cio\u00e8 dalle prime onorificenze del Papa all&#8217;anno in cui rapporti tra i due si ruppero definitivamente. In questo lasso di tempo l&#8217;esecutore o il capomastro dei lapicidi e scultori dovrebbe essere stato Ambrogio Barocci. Sicuramente Ambrogio Barocci ha lavorato alle decorazioni della porta dell&#8217;appartamento della duchessa. In questi locali compaiono simboli riconducibili al Fregio.<\/p>\n\n\n\n<p class=\"has-foreground-color has-text-color\">I bassorilievi in pietra, le cosiddette formelle, rappresentano macchine di uso civile e militare, armi e simboli militari. Gli studiosi hanno individuato la matrice dei bassorilievi nei disegni di <a href=\"https:\/\/formelle.uniurb.it\/?page_id=3537\">Roberto Valturio<\/a>, <a href=\"https:\/\/formelle.uniurb.it\/?page_id=3539\">Mariano di Jacopo detto Taccola<\/a>, <a href=\"https:\/\/formelle.uniurb.it\/?page_id=2740\" target=\"_blank\" rel=\"noreferrer noopener\">Francesco di Giorgio Martini <\/a>e Giuliano da Sangallo.<\/p>\n\n\n\n<p class=\"has-foreground-color has-text-color\">Quando Francesco di Giorgio arriv\u00f2 a Urbino il Fregio era gi\u00e0 in lavorazione. Probabilmente i bassorilievi pi\u00f9 antichi sono quelli realizzati dai disegni di Roberto Valturio contenuti nel <em>De re militari<\/em>. Il <em>De re militari<\/em><em> <\/em>(Bav. Urb. Lat. 281) entr\u00f2 nella biblioteca di Federico da Montefeltro forse per interesse di Roberto Malatesta, figlio di Sigismondo Pandolfo Malatesta. Sotto la supervisione di Francesco di Giorgio vennero probabilmente realizzati i bassorilievi raffiguranti le macchine pi\u00f9 moderne e riconducibili alla tradizione ingegneristica senese. Gli studiosi hanno individuato le fonti iconografiche nei codici BAV Urb. Lat. 1757 (<em>Codicetto<\/em>), <em>Opusculum de architectura<\/em> (attualmente conservato al British Museum) e nelle opere di Mariano di Jacopo detto Taccola come il <em>De mechanicis<\/em> e <em>De ingeneis<\/em>.&nbsp;<\/p>\n\n\n\n<p class=\"has-foreground-color has-text-color\"><br><strong>I motivi del Fregio&nbsp;<\/strong><\/p>\n\n\n\n<p class=\"has-foreground-color has-text-color\">Dalle testimonianze del tempo emerge che i 72 bassorilievi in pietra non ebbero solo un ruolo ornamentale. Al contrario. Essi avevano l\u2019obiettivo di comunicare e di divulgare l\u2019immagine pubblica di Federico di Montefeltro quale sintesi di <em>pietas<\/em> e gloria, giustizia e potenza, scienza e arte militare. Tale sintesi \u00e8 anche indicata nel colophon della famosa Bibbia in due volumi posseduta dal duca urbinate: \u00abnon minus christianae religioni tuendae atque exornandae quam disciplinae militari amplificandae\u00bb (non meno intenti a custodire e abbellire<strong> <\/strong>la religione cristiana come a ricostruire la disciplina militare). In altre parole, le formelle avevano lo scopo di presentare e celebrare pubblicamente il potere militare e l\u2019ingegno del duca Federico di Montefeltro, rappresentando mediante il linguaggio artistico macchine antiche e recenti, vessilli e strumenti. Non sembra rilevante il fatto che, come indicato da alcuni studiosi, tra le macchine rappresentate non compaiono quelle che al tempo erano considerate pi\u00f9 all\u2019avanguardia da un punto di vista tecnico. A Federico interessava principalmente dare un assaggio dei benefici civili e della potenza militare che potevano essere prodotti grazie alle applicazioni dell&#8217;ingegno.<\/p>\n\n\n\n<p class=\"has-foreground-color has-text-color\">Attualmente il fregio si presenta non in ottime condizioni. Dalle analisi effettuate, gli studiosi ritengono che l&#8217;usura potrebbe essere stata prevalentemente causata dagli eventi atmosferici e, in secondo luogo, considerato che il Fregio era posizionato sulla spalliera della facciata del Palazzo Ducale, dallo sfregamento prodotto dalle schiene delle persone. Al Fregio potrebbero aver lavorato Diotallevi di Urbino, maestranze toscane (come ad esempio Domenico Rosselli e Jacopo Cozzarelli), maestranze venete e maestranze lombarde. Risalgono a quegli anni la specializzazione degli artigiani di Sant&#8217;Ippolito nel mestiere di scalpellino. Tuttavia, gli studiosi ritengono che questi ultimi non vi hanno lavorato, anzi avrebbero appreso dalle molte maestranze venute a Urbino (in Vernarecci, A.,<em> <\/em><em>Del Comune di Sant&#8217;Ippolito (prov. di Pesaro) e degli scarpellini e dei marmisti del luogo : con appendice di documenti,<\/em> memorie pubblicate a cura del Comune di Sant&#8217;Ippolito, Fossombrone, Tip. di Francesco Monacelli, 1900). Sulla base delle indicazioni date da Bernardino Baldi nell&#8217;opera <em>Descrittione del Palazzo Ducale di Urbino<\/em> (1590), il materiale utilizzato per realizzare i bassorilievi \u00e8 calcare massiccio ricavato dal Monte Nerone. Le pi\u00f9 recenti analisi hanno appurato le notizie date da Baldi. Inoltre, dagli ultimi rilievi si possono desumere ulteriori informazioni riguardanti la conformazione del Fregio. E&#8217; molto probabile che ciascun bassorilievo avesse un&#8217;altezza di 84 cm ma che le loro larghezze fossero variabili. Per quanto concerne la disposizione dei bassorilievi, alcuni di questi costituivano un unico blocco.<\/p>\n\n\n\n<p class=\"has-foreground-color has-text-color\">Il fregio ha lo scopo di presentare e celebrare pubblicamente il potere militare e l&#8217;ingegno del Duca Federico da Montefeltro, rappresentando mediante il linguaggio artistico macchine antiche e recenti, vessilli e strumenti. Non sembra rilevante il fatto che, come indicato da alcuni studiosi, tra le macchine rappresentate non compaiono quelle che al tempo erano considerate pi\u00f9 all&#8217;avanguardia da un punto di vista tecnico. Principalmente al Duca Federico interessava dare un assaggio dei benefici civili e della potenza militare che potevano essere prodotti grazie alle applicazioni dell&#8217;ingegno. Per la sua conformazione e per le sue caratteristiche, il Fregio dell&#8217;arte della guerra \u00e8 un unicum nel suo genere.<\/p>\n\n\n\n<p class=\"has-foreground-color has-text-color\">Ci sono altri casi di bassorilievi celebrativi, come quelli della Cappella dei Notari in S. Petronio di Bologna e della Certosa di Pavia. In questi casi per\u00f2 non sono scolpite macchine ma offerte votive e santi. Nei Musei Capitoloni \u00e8 possibile individuare quadriremi scolpiti.&nbsp;Possiamo trovare ulteriori esempi di dipinti o bassorilievi raffiguranti macchine a Torlonia, dove \u00e8 conservato un rilievo raffigurante un meccanismo per caricare e scaricare le navi.&nbsp; Un altro esempio, al fine di mostrare l&#8217;importanza della tecnica, \u00e8&nbsp; la macchina degli Haterii (<a href=\"https:\/\/m.museivaticani.va\/content\/museivaticani-mobile\/it\/collezioni\/musei\/museo-gregoriano-profano\/Mausoleo-degli-Haterii.html\">https:\/\/m.museivaticani.va\/content\/museivaticani-mobile\/it\/collezioni\/musei\/museo-gregoriano-profano\/Mausoleo-degli-Haterii.html<\/a>). Questa macchina \u00e8 stata studiata da Molari, <em>La gru degli Haterii<\/em>, VII Convegno di Storia dell\u2019Ingegneria, AISI, Ed. Cuzzolin, Napoli, 2018&nbsp; da Di Pasquale, <em>Le macchine nel mondo antico : dalle civilt\u00e0 mesopotamiche a Roma imperiale<\/em>, Roma, Carocci, 2019.<\/p>\n\n\n\n<p class=\"has-foreground-color has-text-color\"><\/p>\n","protected":false},"excerpt":{"rendered":"<p>Federico da Montefeltro intraprese il progetto della fabbrica del Palazzo Ducale nel 1454 circa. Inizialmente i lavori furono affidati probabilmente a Maso di Bartolomeo. Nel 1467 Federico assegn\u00f2 l&#8217;incarico a Luciano Laurana con la famosa patente in cui lo chiama &#8220;Ingegnero&#8221;. Tra il 1474 e il 1476 Francesco di Giorgio Martini sostitu\u00ec Laurana, rimanendo al [&hellip;]<\/p>\n","protected":false},"author":5,"featured_media":0,"parent":0,"menu_order":0,"comment_status":"closed","ping_status":"closed","template":"","meta":[],"uagb_featured_image_src":{"full":false,"thumbnail":false,"medium":false,"medium_large":false,"large":false,"1536x1536":false,"2048x2048":false},"uagb_author_info":{"display_name":"Davide Pietrini","author_link":"https:\/\/formelle.uniurb.it\/?author=5"},"uagb_comment_info":0,"uagb_excerpt":"Federico da Montefeltro intraprese il progetto della fabbrica del Palazzo Ducale nel 1454 circa. Inizialmente i lavori furono affidati probabilmente a Maso di Bartolomeo. Nel 1467 Federico assegn\u00f2 l&#8217;incarico a Luciano Laurana con la famosa patente in cui lo chiama &#8220;Ingegnero&#8221;. Tra il 1474 e il 1476 Francesco di Giorgio Martini sostitu\u00ec Laurana, rimanendo al&hellip;","_links":{"self":[{"href":"https:\/\/formelle.uniurb.it\/index.php?rest_route=\/wp\/v2\/pages\/3520"}],"collection":[{"href":"https:\/\/formelle.uniurb.it\/index.php?rest_route=\/wp\/v2\/pages"}],"about":[{"href":"https:\/\/formelle.uniurb.it\/index.php?rest_route=\/wp\/v2\/types\/page"}],"author":[{"embeddable":true,"href":"https:\/\/formelle.uniurb.it\/index.php?rest_route=\/wp\/v2\/users\/5"}],"replies":[{"embeddable":true,"href":"https:\/\/formelle.uniurb.it\/index.php?rest_route=%2Fwp%2Fv2%2Fcomments&post=3520"}],"version-history":[{"count":4,"href":"https:\/\/formelle.uniurb.it\/index.php?rest_route=\/wp\/v2\/pages\/3520\/revisions"}],"predecessor-version":[{"id":3605,"href":"https:\/\/formelle.uniurb.it\/index.php?rest_route=\/wp\/v2\/pages\/3520\/revisions\/3605"}],"wp:attachment":[{"href":"https:\/\/formelle.uniurb.it\/index.php?rest_route=%2Fwp%2Fv2%2Fmedia&parent=3520"}],"curies":[{"name":"wp","href":"https:\/\/api.w.org\/{rel}","templated":true}]}}