{"id":2865,"date":"2022-11-22T04:16:42","date_gmt":"2022-11-22T03:16:42","guid":{"rendered":"https:\/\/formelle.uniurb.it\/?page_id=2865"},"modified":"2022-11-22T09:22:09","modified_gmt":"2022-11-22T08:22:09","slug":"repertorio-iconografico-formella-n17","status":"publish","type":"page","link":"https:\/\/formelle.uniurb.it\/?page_id=2865","title":{"rendered":"Repertorio Iconografico &#8211; Formella N\u00b017"},"content":{"rendered":"\n<div class=\"is-layout-flex wp-container-2 wp-block-columns alignwide\">\n<div class=\"is-layout-flow wp-block-column\"><style id=\"kb-advancedgallery_26413f-4b\">.kb-gallery-id-_26413f-4b .kadence-blocks-gallery-item .kadence-blocks-gallery-item-inner .kadence-blocks-gallery-item__caption {background:linear-gradient( 0deg, rgba(0, 0, 0, 0.5) 0, rgba(0, 0, 0, 0) 100% );font-family:Arial, Helvetica, sans-serif;font-style:normal;font-weight:inherit;}.kb-gallery-caption-style-cover-hover.kb-gallery-id-_26413f-4b .kadence-blocks-gallery-item .kadence-blocks-gallery-item-inner .kadence-blocks-gallery-item__caption, .kb-gallery-caption-style-below.kb-gallery-id-_26413f-4b .kadence-blocks-gallery-item .kadence-blocks-gallery-item-inner .kadence-blocks-gallery-item__caption {background:rgba(0, 0, 0, 0.5);}<\/style>\n<div class=\"wp-block-kadence-advancedgallery kb-gallery-wrap-id-_26413f-4b\"><div class=\"kb-gallery-ul kb-gallery-type-slider kb-gallery-id-_26413f-4b kb-gallery-caption-style-bottom-hover kb-gallery-filter-none\" data-image-filter=\"none\" data-lightbox-caption=\"true\"><div class=\"kt-blocks-carousel kt-carousel-container-dotstyle-outlinedark\"><div class=\"kt-blocks-carousel-init kb-blocks-slider kt-carousel-arrowstyle-whiteondark kt-carousel-dotstyle-outlinedark\" data-slider-anim-speed=\"400\" data-slider-type=\"slider\" data-slider-scroll=\"1\" data-slider-arrows=\"true\" data-slider-dots=\"true\" data-slider-hover-pause=\"false\" data-slider-auto=\"true\" data-slider-speed=\"7000\"><div class=\"kb-slide-item kb-gallery-slide-item\"><div class=\"kadence-blocks-gallery-item\"><div class=\"kadence-blocks-gallery-item-inner\"><figure class=\"kb-gallery-figure kb-gallery-item-has-link kadence-blocks-gallery-item-has-caption kb-has-image-ratio-inherit\"><a href=\"https:\/\/formelle.uniurb.it\/wp-content\/uploads\/2022\/11\/Tavola-disegno-4-1.png\" class=\"kb-gallery-item-link\"><div class=\"kb-gal-image-radius\" style=\"max-width:1241px\"><div class=\"kb-gallery-image-contain kadence-blocks-gallery-intrinsic kb-gallery-image-ratio-inherit\"><img decoding=\"async\" loading=\"lazy\" src=\"https:\/\/formelle.uniurb.it\/wp-content\/uploads\/2022\/11\/Tavola-disegno-4-1.png\" width=\"1241\" height=\"1755\" alt=\"\" data-full-image=\"https:\/\/formelle.uniurb.it\/wp-content\/uploads\/2022\/11\/Tavola-disegno-4-1.png\" data-light-image=\"https:\/\/formelle.uniurb.it\/wp-content\/uploads\/2022\/11\/Tavola-disegno-4-1.png\" data-id=\"2869\" data-link=\"https:\/\/formelle.uniurb.it\/?attachment_id=2869\" data-custom-link=\"\" data-custom-link-target=\"\" data-sponsored=\"\" class=\"wp-image-2869 skip-lazy\" srcset=\"https:\/\/formelle.uniurb.it\/wp-content\/uploads\/2022\/11\/Tavola-disegno-4-1.png 1241w, https:\/\/formelle.uniurb.it\/wp-content\/uploads\/2022\/11\/Tavola-disegno-4-1-212x300.png 212w, https:\/\/formelle.uniurb.it\/wp-content\/uploads\/2022\/11\/Tavola-disegno-4-1-724x1024.png 724w, https:\/\/formelle.uniurb.it\/wp-content\/uploads\/2022\/11\/Tavola-disegno-4-1-768x1086.png 768w, https:\/\/formelle.uniurb.it\/wp-content\/uploads\/2022\/11\/Tavola-disegno-4-1-1086x1536.png 1086w\" sizes=\"(max-width: 1241px) 100vw, 1241px\" \/><\/div><div class=\"kadence-blocks-gallery-item__caption\">Anonimo, Codice di macchine civili e militari composto in ambiente urbinate, mm. 227 x 160, XVI secolo, propriet\u00e0 della famiglia Santini di Urbino, c. 65b per gentile concessione di Luisa Molari e Pier Gabriele Molari<\/div><\/div><\/a><\/figure><\/div><\/div><\/div><div class=\"kb-slide-item kb-gallery-slide-item\"><div class=\"kadence-blocks-gallery-item\"><div class=\"kadence-blocks-gallery-item-inner\"><figure class=\"kb-gallery-figure kb-gallery-item-has-link kadence-blocks-gallery-item-has-caption kb-has-image-ratio-inherit\"><a href=\"https:\/\/formelle.uniurb.it\/wp-content\/uploads\/2022\/11\/Tavola-disegno-1-1.png\" class=\"kb-gallery-item-link\"><div class=\"kb-gal-image-radius\" style=\"max-width:1241px\"><div class=\"kb-gallery-image-contain kadence-blocks-gallery-intrinsic kb-gallery-image-ratio-inherit\"><img decoding=\"async\" loading=\"lazy\" src=\"https:\/\/formelle.uniurb.it\/wp-content\/uploads\/2022\/11\/Tavola-disegno-1-1.png\" width=\"1241\" height=\"1755\" alt=\"\" data-full-image=\"https:\/\/formelle.uniurb.it\/wp-content\/uploads\/2022\/11\/Tavola-disegno-1-1.png\" data-light-image=\"https:\/\/formelle.uniurb.it\/wp-content\/uploads\/2022\/11\/Tavola-disegno-1-1.png\" data-id=\"2870\" data-link=\"https:\/\/formelle.uniurb.it\/?attachment_id=2870\" data-custom-link=\"\" data-custom-link-target=\"\" data-sponsored=\"\" class=\"wp-image-2870 skip-lazy\" srcset=\"https:\/\/formelle.uniurb.it\/wp-content\/uploads\/2022\/11\/Tavola-disegno-1-1.png 1241w, https:\/\/formelle.uniurb.it\/wp-content\/uploads\/2022\/11\/Tavola-disegno-1-1-212x300.png 212w, https:\/\/formelle.uniurb.it\/wp-content\/uploads\/2022\/11\/Tavola-disegno-1-1-724x1024.png 724w, https:\/\/formelle.uniurb.it\/wp-content\/uploads\/2022\/11\/Tavola-disegno-1-1-768x1086.png 768w, https:\/\/formelle.uniurb.it\/wp-content\/uploads\/2022\/11\/Tavola-disegno-1-1-1086x1536.png 1086w\" sizes=\"(max-width: 1241px) 100vw, 1241px\" \/><\/div><div class=\"kadence-blocks-gallery-item__caption\">Guidobaldo dal Monte [attr.], Organa Mechanica, Permasteelisa group, 1999, c. 28r, edizione facsimile del codice Organa Mechanica conservato presso la Biblioteca Nazionale Marciana di Venezia, Cod. Lat., cl. VIII, 87 [=3048], XVI secolo, mm. 162 x 119<\/div><\/div><\/a><\/figure><\/div><\/div><\/div><div class=\"kb-slide-item kb-gallery-slide-item\"><div class=\"kadence-blocks-gallery-item\"><div class=\"kadence-blocks-gallery-item-inner\"><figure class=\"kb-gallery-figure kb-gallery-item-has-link kadence-blocks-gallery-item-has-caption kb-has-image-ratio-inherit\"><a href=\"https:\/\/formelle.uniurb.it\/wp-content\/uploads\/2022\/11\/Tavola-disegno-2-1.png\" class=\"kb-gallery-item-link\"><div class=\"kb-gal-image-radius\" style=\"max-width:1241px\"><div class=\"kb-gallery-image-contain kadence-blocks-gallery-intrinsic kb-gallery-image-ratio-inherit\"><img decoding=\"async\" loading=\"lazy\" src=\"https:\/\/formelle.uniurb.it\/wp-content\/uploads\/2022\/11\/Tavola-disegno-2-1.png\" width=\"1241\" height=\"1755\" alt=\"\" data-full-image=\"https:\/\/formelle.uniurb.it\/wp-content\/uploads\/2022\/11\/Tavola-disegno-2-1.png\" data-light-image=\"https:\/\/formelle.uniurb.it\/wp-content\/uploads\/2022\/11\/Tavola-disegno-2-1.png\" data-id=\"2871\" data-link=\"https:\/\/formelle.uniurb.it\/?attachment_id=2871\" data-custom-link=\"\" data-custom-link-target=\"\" data-sponsored=\"\" class=\"wp-image-2871 skip-lazy\" srcset=\"https:\/\/formelle.uniurb.it\/wp-content\/uploads\/2022\/11\/Tavola-disegno-2-1.png 1241w, https:\/\/formelle.uniurb.it\/wp-content\/uploads\/2022\/11\/Tavola-disegno-2-1-212x300.png 212w, https:\/\/formelle.uniurb.it\/wp-content\/uploads\/2022\/11\/Tavola-disegno-2-1-724x1024.png 724w, https:\/\/formelle.uniurb.it\/wp-content\/uploads\/2022\/11\/Tavola-disegno-2-1-768x1086.png 768w, https:\/\/formelle.uniurb.it\/wp-content\/uploads\/2022\/11\/Tavola-disegno-2-1-1086x1536.png 1086w\" sizes=\"(max-width: 1241px) 100vw, 1241px\" \/><\/div><div class=\"kadence-blocks-gallery-item__caption\">Roberto Valturio, De re militari libris 12 mult\u00f2 emaculatius, ac picturis, quae plurimae in eo sunt, elegantioribus expressum, qu\u00e0m c\u00f9m Veronae inter initia artis chalcographicae anno 1483 inuulgaretur, Parisiis, apud Christianum Wechelum, sub insigni scuti Basiliensis, a cura di Paolo Ramusio,1534, Libro X, p. 229 [226], Pesaro, Ente Olivieri \u2013 Biblioteca e Musei Oliveriani.<\/div><\/div><\/a><\/figure><\/div><\/div><\/div><div class=\"kb-slide-item kb-gallery-slide-item\"><div class=\"kadence-blocks-gallery-item\"><div class=\"kadence-blocks-gallery-item-inner\"><figure class=\"kb-gallery-figure kb-gallery-item-has-link kadence-blocks-gallery-item-has-caption kb-has-image-ratio-inherit\"><a href=\"https:\/\/formelle.uniurb.it\/wp-content\/uploads\/2022\/11\/Tavola-disegno-3-1.png\" class=\"kb-gallery-item-link\"><div class=\"kb-gal-image-radius\" style=\"max-width:1241px\"><div class=\"kb-gallery-image-contain kadence-blocks-gallery-intrinsic kb-gallery-image-ratio-inherit\"><img decoding=\"async\" loading=\"lazy\" src=\"https:\/\/formelle.uniurb.it\/wp-content\/uploads\/2022\/11\/Tavola-disegno-3-1.png\" width=\"1241\" height=\"1755\" alt=\"\" data-full-image=\"https:\/\/formelle.uniurb.it\/wp-content\/uploads\/2022\/11\/Tavola-disegno-3-1.png\" data-light-image=\"https:\/\/formelle.uniurb.it\/wp-content\/uploads\/2022\/11\/Tavola-disegno-3-1.png\" data-id=\"2872\" data-link=\"https:\/\/formelle.uniurb.it\/?attachment_id=2872\" data-custom-link=\"\" data-custom-link-target=\"\" data-sponsored=\"\" class=\"wp-image-2872 skip-lazy\" srcset=\"https:\/\/formelle.uniurb.it\/wp-content\/uploads\/2022\/11\/Tavola-disegno-3-1.png 1241w, https:\/\/formelle.uniurb.it\/wp-content\/uploads\/2022\/11\/Tavola-disegno-3-1-212x300.png 212w, https:\/\/formelle.uniurb.it\/wp-content\/uploads\/2022\/11\/Tavola-disegno-3-1-724x1024.png 724w, https:\/\/formelle.uniurb.it\/wp-content\/uploads\/2022\/11\/Tavola-disegno-3-1-768x1086.png 768w, https:\/\/formelle.uniurb.it\/wp-content\/uploads\/2022\/11\/Tavola-disegno-3-1-1086x1536.png 1086w\" sizes=\"(max-width: 1241px) 100vw, 1241px\" \/><\/div><div class=\"kadence-blocks-gallery-item__caption\">Bernardino Baldi, Memorie concernenti la citt\u00e0 di Urbino dedicate alla Sagra Real Maest\u00e0 di Giacomo 3, Re della Gran Brettagna &#038; c., a cura di Francesco Bianchini, 1724, tav. XVII,  rilievo della formella realizzato da G. Piccini. Pesaro, Ente Olivieri \u2013 Biblioteca e Musei Oliveriani.<\/div><\/div><\/a><\/figure><\/div><\/div><\/div><\/div><\/div><\/div><\/div>\n<\/div>\n<\/div>\n\n\n\n<div style=\"height:100px\" aria-hidden=\"true\" class=\"wp-block-spacer\"><\/div>\n","protected":false},"excerpt":{"rendered":"","protected":false},"author":4,"featured_media":0,"parent":0,"menu_order":0,"comment_status":"closed","ping_status":"closed","template":"","meta":[],"uagb_featured_image_src":{"full":false,"thumbnail":false,"medium":false,"medium_large":false,"large":false,"1536x1536":false,"2048x2048":false},"uagb_author_info":{"display_name":"Paolo Marzocchini","author_link":"https:\/\/formelle.uniurb.it\/?author=4"},"uagb_comment_info":0,"uagb_excerpt":null,"_links":{"self":[{"href":"https:\/\/formelle.uniurb.it\/index.php?rest_route=\/wp\/v2\/pages\/2865"}],"collection":[{"href":"https:\/\/formelle.uniurb.it\/index.php?rest_route=\/wp\/v2\/pages"}],"about":[{"href":"https:\/\/formelle.uniurb.it\/index.php?rest_route=\/wp\/v2\/types\/page"}],"author":[{"embeddable":true,"href":"https:\/\/formelle.uniurb.it\/index.php?rest_route=\/wp\/v2\/users\/4"}],"replies":[{"embeddable":true,"href":"https:\/\/formelle.uniurb.it\/index.php?rest_route=%2Fwp%2Fv2%2Fcomments&post=2865"}],"version-history":[{"count":1,"href":"https:\/\/formelle.uniurb.it\/index.php?rest_route=\/wp\/v2\/pages\/2865\/revisions"}],"predecessor-version":[{"id":2873,"href":"https:\/\/formelle.uniurb.it\/index.php?rest_route=\/wp\/v2\/pages\/2865\/revisions\/2873"}],"wp:attachment":[{"href":"https:\/\/formelle.uniurb.it\/index.php?rest_route=%2Fwp%2Fv2%2Fmedia&parent=2865"}],"curies":[{"name":"wp","href":"https:\/\/api.w.org\/{rel}","templated":true}]}}