{"id":1035,"date":"2022-07-23T23:38:09","date_gmt":"2022-07-23T22:38:09","guid":{"rendered":"https:\/\/formelle.uniurb.it\/?page_id=1035"},"modified":"2026-05-11T09:41:32","modified_gmt":"2026-05-11T08:41:32","slug":"eventi","status":"publish","type":"page","link":"https:\/\/formelle.uniurb.it\/?page_id=1035","title":{"rendered":"Eventi"},"content":{"rendered":"\n<p><strong>Eventi, conferenze e convegni sui temi del progetto:<\/strong><\/p>\n\n\n\n<p><small>Webinar<\/small>: <a rel=\"noreferrer noopener\" href=\"https:\/\/www.uniurb.it\/novita-ed-eventi\/6504\" target=\"_blank\">Virtual Lab &#8211; Tecnologie digitali e prototipi materiali per la storia della scienza, 28.04.2<\/a>6, Palazzo Battiferri, Urbino<\/p>\n\n\n\n<p><em><a rel=\"noreferrer noopener\" href=\"https:\/\/urbinoelaprospettiva.uniurb.it\/notte-dei-ricercatori\/\" target=\"_blank\">Le Macchine del Rinascimento prendono vita<\/a><\/em>. Evento: Sharper: Notte Europea dei Ricercatori, Collegio Raffaello, Urbino, 27\/09\/2024<\/p>\n\n\n\n<p><a rel=\"noreferrer noopener\" href=\"https:\/\/formelle.uniurb.it\/wp-content\/uploads\/2024\/06\/WhatsApp-Image-2024-06-12-at-11.46.20.jpeg\" target=\"_blank\">Presentazione del libro&nbsp;<em>Matematica antica, macchine e strumenti.&nbsp;L\u2019umanesimo matematico a Urbino dal tardo Rinascimento alla rivoluzione galileiana,<\/em>&nbsp;Mimesis, 2023<\/a> di Davide Pietrini, Palazzo Ducale di Urbino, 11\/06\/2024<br>Saluti introduttivi: Luigi Gallo (Direttore della Galleria Nazionale delle Marche), Giovanni Russo (Galleria Nazionale delle Marche), Laerte Sorini (Direttore del Centro Urbino e la Prospettiva) e Gino Tarozzi (Direttore del&nbsp;Centro Interuniversitario di&nbsp;Ricerca&nbsp;in Filosofia e Fondamenti della Fisica di Bologna e Urbino).<br>Intervengono: Gian Italo Bischi (Universit\u00e0 di Urbino), Vincenzo Fano (Universit\u00e0 di Urbino) e&nbsp; Sara Taglialagamba (Direttrice della Fondazione Rossana e Carlo Pedretti).<br>A seguire la presentazione del nuovo allestimento delle formelle del Palazzo Ducale di Urbino.<\/p>\n\n\n\n<p><\/p>\n\n\n\n<p><a href=\"https:\/\/formelle.uniurb.it\/?page_id=3610\">Presentazione del catalogo della mostra <em>Sapientia, Pietas et Otium al tempo del duca Federico di Montefeltro<\/em><\/a>, Urbino, 07\/06\/2023. <br><\/p>\n\n\n\n<p>Pierluigi Graziani, <em>Alle radici dell\u2019umanesimo scientifico. Valorizzazione con le tecnologie della realt\u00e0 virtuale e aumentata delle macchine rappresentate nelle formelle del Palazzo Ducale di Urbino, <\/em>Evento: Convegno di studi. Federico da Montefeltro nel terzo millennio 1422-2022, organizzato dall\u2019Universit\u00e0 degli Studi di Urbino Carlo Bo e della Galleria Nazionale delle Marche, con il sostegno del Comune di Urbino, Palazzo Bonaventura, 18\/11\/2022.<br><\/p>\n\n\n\n<p>Davide Pietrini, <em>Il Mechanicorum Liber di Guidobaldo del Monte: esperimenti, geometria e rappresentazioni di macchine. <\/em>Evento: Shaping the World: Philosophy, Science and Technology as Forms of Knowledge, organizzato da Mechane Lab e dall\u2019Universit\u00e0 degli Studi di Napoli Federico II, 06\/10\/2022.<br><\/p>\n\n\n\n<p>Davide Pietrini, <em>The Emergence of the Technological Approach in the Mathematical School of Urbino. <\/em>Evento: 10th conference of the European Society for the History of Science (ESHS), Brussels (Belgium) 2022, 09\/09\/2022.<br><\/p>\n\n\n\n<p>Davide Pietrini, <em>Umanisti, matematici e tecnici. La riscoperta e le applicazioni della matematica antica tra Basso Medioevo e scienza moderna. <\/em>Evento: Scienza in contrada \u2013 Sala Consiliare Palazzo Comunale -Piazza Giacomo Matteotti, 20\/07\/2022.<br><\/p>\n\n\n\n<p>Davide Pietrini, <em>Dalle macchine dei bassorilievi in pietra del Palazzo Ducale di Urbino alla scienza della meccanica. Analisi di alcuni casi studio. <\/em>Evento: \u201cAd limina. Frontiere e contaminazioni transdisciplinari nella storia delle scienze\u201d, Convegno Nazionale della Societ\u00e0 Italiana di Storia della Scienza, 30 maggio 2022 &#8211; 1 giugno 2022, organizzato dalla Societ\u00e0 Italiana di Storia della Scienza, Universit\u00e0 degli Studi di Catania, Catania, 31\/05\/2022.<\/p>\n","protected":false},"excerpt":{"rendered":"<p>Eventi, conferenze e convegni sui temi del progetto: Webinar: Virtual Lab &#8211; Tecnologie digitali e prototipi materiali per la storia della scienza, 28.04.26, Palazzo Battiferri, Urbino Le Macchine del Rinascimento prendono vita. Evento: Sharper: Notte Europea dei Ricercatori, Collegio Raffaello, Urbino, 27\/09\/2024 Presentazione del libro&nbsp;Matematica antica, macchine e strumenti.&nbsp;L\u2019umanesimo matematico a Urbino dal tardo Rinascimento [&hellip;]<\/p>\n","protected":false},"author":4,"featured_media":0,"parent":0,"menu_order":0,"comment_status":"closed","ping_status":"closed","template":"","meta":[],"uagb_featured_image_src":{"full":false,"thumbnail":false,"medium":false,"medium_large":false,"large":false,"1536x1536":false,"2048x2048":false},"uagb_author_info":{"display_name":"Paolo Marzocchini","author_link":"https:\/\/formelle.uniurb.it\/?author=4"},"uagb_comment_info":0,"uagb_excerpt":"Eventi, conferenze e convegni sui temi del progetto: Webinar: Virtual Lab &#8211; Tecnologie digitali e prototipi materiali per la storia della scienza, 28.04.26, Palazzo Battiferri, Urbino Le Macchine del Rinascimento prendono vita. Evento: Sharper: Notte Europea dei Ricercatori, Collegio Raffaello, Urbino, 27\/09\/2024 Presentazione del libro&nbsp;Matematica antica, macchine e strumenti.&nbsp;L\u2019umanesimo matematico a Urbino dal tardo Rinascimento&hellip;","_links":{"self":[{"href":"https:\/\/formelle.uniurb.it\/index.php?rest_route=\/wp\/v2\/pages\/1035"}],"collection":[{"href":"https:\/\/formelle.uniurb.it\/index.php?rest_route=\/wp\/v2\/pages"}],"about":[{"href":"https:\/\/formelle.uniurb.it\/index.php?rest_route=\/wp\/v2\/types\/page"}],"author":[{"embeddable":true,"href":"https:\/\/formelle.uniurb.it\/index.php?rest_route=\/wp\/v2\/users\/4"}],"replies":[{"embeddable":true,"href":"https:\/\/formelle.uniurb.it\/index.php?rest_route=%2Fwp%2Fv2%2Fcomments&post=1035"}],"version-history":[{"count":14,"href":"https:\/\/formelle.uniurb.it\/index.php?rest_route=\/wp\/v2\/pages\/1035\/revisions"}],"predecessor-version":[{"id":3741,"href":"https:\/\/formelle.uniurb.it\/index.php?rest_route=\/wp\/v2\/pages\/1035\/revisions\/3741"}],"wp:attachment":[{"href":"https:\/\/formelle.uniurb.it\/index.php?rest_route=%2Fwp%2Fv2%2Fmedia&parent=1035"}],"curies":[{"name":"wp","href":"https:\/\/api.w.org\/{rel}","templated":true}]}}